{"id":8761,"date":"2023-09-05T12:06:07","date_gmt":"2023-09-05T12:06:07","guid":{"rendered":"https:\/\/www.mmps.com.mt\/?page_id=8761"},"modified":"2024-06-18T12:09:15","modified_gmt":"2024-06-18T12:09:15","slug":"natalie-ellis","status":"publish","type":"page","link":"https:\/\/www.mmps.com.mt\/pt\/a-nossa-equipa\/natalie-ellis\/","title":{"rendered":"Natalie Ellis"},"content":{"rendered":"<div id=\"fws_69ea7330dfd26\"  data-column-margin=\"default\" data-midnight=\"light\" data-top-percent=\"13%\" data-bottom-percent=\"13%\"  class=\"wpb_row vc_row-fluid vc_row full-width-section\"  style=\"padding-top: calc(100vw * 0.13); padding-bottom: calc(100vw * 0.13); \"><div class=\"row-bg-wrap\" data-bg-animation=\"none\" data-bg-overlay=\"true\"><div class=\"inner-wrap using-image\"><div class=\"row-bg using-image\"  style=\"background-image: url(https:\/\/www.mmps.com.mt\/wp-content\/uploads\/2023\/08\/mike-nahlii-ZeoR47X4VSM-unsplash-1-scaled.jpg); background-position: center center; background-repeat: no-repeat; \"><\/div><\/div><div class=\"row-bg-overlay\" style=\"background: rgba(28,29,44,0.86); background: linear-gradient(90deg,rgba(28,29,44,0.86) 0%,rgba(45,58,74,0.6) 100%);  opacity: 0.3; \"><\/div><\/div><div class=\"nectar-shape-divider-wrap no-color\" style=\" height:35%;\" data-using-percent-val=\"true\" data-height=\"35%\" data-front=\"\" data-style=\"fan\" data-position=\"bottom\" ><svg class=\"nectar-shape-divider\" aria-hidden=\"true\" fill=\"\" xmlns=\"http:\/\/www.w3.org\/2000\/svg\" viewbox=\"0 0 1003.92 91\" preserveaspectratio=\"none\"> <polygon class=\"cls-1\" points=\"502.46 46.31 1 85.67 1 91.89 1002.91 91.89 1002.91 85.78 502.46 46.31\"\/><polygon class=\"cls-2\" points=\"502.46 45.8 1 0 1 91.38 1002.91 91.38 1002.91 0.1 502.46 45.8\"\/><rect class=\"cls-3\" y=\"45.81\" width=\"1003.92\" height=\"46.09\"\/>\r\n            <\/svg><\/div><div class=\"row_col_wrap_12 col span_12 light left\">\n\t<div style=\"\" class=\"vc_col-sm-12 wpb_column column_container vc_column_container col no-extra-padding bottom_margin_phone_8pct inherit_tablet inherit_phone\" data-using-bg=\"true\" data-padding-pos=\"all\" data-has-bg-color=\"false\" data-bg-color=\"\" data-bg-opacity=\"1\" data-animation=\"\" data-delay=\"0\" >\n\t\t<div class=\"vc_column-inner\" ><div class=\"column-image-bg-wrap\" data-bg-pos=\"center center\" data-bg-animation=\"none\" data-bg-overlay=\"false\"><div class=\"inner-wrap\"><div class=\"column-image-bg\" style=\"\"><\/div><\/div><\/div>\n\t\t\t<div class=\"wpb_wrapper\">\n\t\t\t\t\n\t\t\t<\/div> \n\t\t<\/div>\n\t<\/div> \n<\/div><\/div>\r\n\t\t<div id=\"fws_69ea7330e00dc\"  data-column-margin=\"default\" data-midnight=\"dark\"  class=\"wpb_row vc_row-fluid vc_row\"  style=\"padding-top: 0px; padding-bottom: 0px; \"><div class=\"row-bg-wrap\" data-bg-animation=\"none\" data-bg-overlay=\"false\"><div class=\"inner-wrap\"><div class=\"row-bg\"  style=\"\"><\/div><\/div><\/div><div class=\"row_col_wrap_12 col span_12 dark left\">\n\t<div style=\"margin-top: 30px; \" class=\"vc_col-sm-12 TeamHfix wpb_column column_container vc_column_container col no-extra-padding inherit_tablet inherit_phone\"  data-padding-pos=\"all\" data-has-bg-color=\"false\" data-bg-color=\"\" data-bg-opacity=\"1\" data-animation=\"\" data-delay=\"0\" >\n\t\t<div class=\"vc_column-inner\" >\n\t\t\t<div class=\"wpb_wrapper\">\n\t\t\t\t\r\n<div class=\"wpb_text_column wpb_content_element\" >\r\n\t<div class=\"wpb_wrapper\">\r\n\t\t<h2>Natalie ELLIS<\/h2>\n\t<\/div>\r\n<\/div>\r\n\r\n\r\n\r\n<div class=\"divider-wrap\" data-alignment=\"default\"><div style=\"margin-top: 12.5px; width: 60px; height: 3px; margin-bottom: 12.5px;\" data-width=\"60\" data-animate=\"yes\" data-animation-delay=\"\" data-color=\"extra-color-1\" class=\"divider-small-border\"><\/div><\/div>\r\n<div class=\"wpb_text_column wpb_content_element\" >\r\n\t<div class=\"wpb_wrapper\">\r\n\t\t<h4>Diretor administrativo<\/h4>\n\t<\/div>\r\n<\/div>\r\n\r\n\r\n\r\n\n\t\t\t<\/div> \n\t\t<\/div>\n\t<\/div> \n<\/div><\/div>\r\n\t\t<div id=\"fws_69ea7330e036e\"  data-column-margin=\"default\" data-midnight=\"dark\"  class=\"wpb_row vc_row-fluid vc_row   reverse_columns_column_phone\"  style=\"padding-top: 0px; padding-bottom: 0px; \"><div class=\"row-bg-wrap\" data-bg-animation=\"none\" data-bg-overlay=\"false\"><div class=\"inner-wrap\"><div class=\"row-bg\"  style=\"\"><\/div><\/div><\/div><div class=\"row_col_wrap_12 col span_12 dark left\">\n\t<div  class=\"vc_col-sm-6 wpb_column column_container vc_column_container col no-extra-padding inherit_tablet inherit_phone\"  data-padding-pos=\"all\" data-has-bg-color=\"false\" data-bg-color=\"\" data-bg-opacity=\"1\" data-animation=\"\" data-delay=\"0\" >\n\t\t<div class=\"vc_column-inner\" >\n\t\t\t<div class=\"wpb_wrapper\">\n\t\t\t\t\r\n<div class=\"wpb_text_column wpb_content_element\" >\r\n\t<div class=\"wpb_wrapper\">\r\n\t\t<div id=\"fws_64f0d9f39a208\" class=\"wpb_row vc_row-fluid vc_row\" data-column-margin=\"default\" data-midnight=\"dark\">\n<div class=\"row_col_wrap_12 col span_12 dark left\">\n<div class=\"vc_col-sm-12 wpb_column column_container vc_column_container col no-extra-padding inherit_tablet inherit_phone\" data-padding-pos=\"all\" data-has-bg-color=\"false\" data-bg-color=\"\" data-bg-opacity=\"1\" data-animation=\"\" data-delay=\"0\">\n<div class=\"vc_column-inner\">\n<div class=\"wpb_wrapper\">\n<div class=\"wpb_text_column wpb_content_element\">\n<div class=\"wpb_wrapper\">\n<div>\n<div id=\"pastingspan1\">Natalie Ellis estudou inicialmente Gest\u00e3o e Finan\u00e7as e licenciou-se na Universidade de Central Lancashire. Como Natalie estava a trabalhar na \u00e1rea da habita\u00e7\u00e3o social, naturalmente concluiu uma p\u00f3s-gradua\u00e7\u00e3o em Estudos de Habita\u00e7\u00e3o na Universidade de Salford e completou a sua disserta\u00e7\u00e3o sobre as causas e efeitos dos jovens, solteiros e sem-abrigo, o que foi particularmente pertinente porque Natalie era tamb\u00e9m uma trabalhadora a tempo parcial da juventude e da comunidade. Em 2010, Natalie fez uma pausa na sua carreira como Directora de Habita\u00e7\u00e3o e Regenera\u00e7\u00e3o num grande fornecedor de habita\u00e7\u00e3o social no Noroeste de Inglaterra para permitir que o seu parceiro assumisse um novo cargo em Malta.<\/div>\n<\/div>\n<div><\/div>\n<div><\/div>\n<div>\n<div id=\"pastingspan1\">Depois de se mudar para Malta, Natalie come\u00e7ou a trabalhar na ind\u00fastria mar\u00edtima como diarista em super iates na marina de Grand Harbour, antes de se juntar a uma empresa mar\u00edtima local como gestora de projeto numa grande remodela\u00e7\u00e3o de um super iate. Em outubro de 2017, Natalie juntou-se \u00e0 Malta Maritime Payroll Services como gestora administrativa.<\/div>\n<\/div>\n<\/div>\n<\/div>\n<\/div>\n<\/div>\n<\/div>\n<\/div>\n<\/div>\n\t<\/div>\r\n<\/div>\r\n\r\n\r\n\r\n\r\n<div class=\"wpb_text_column wpb_content_element\" >\r\n\t<div class=\"wpb_wrapper\">\r\n\t\t<div>\n<h3><strong>Publica\u00e7\u00f5es<\/strong><\/h3>\n<\/div>\n<div>\n<ul>\n<li>The Causes and Effects of Young, Single &amp; Homeless, Disserta\u00e7\u00e3o para o Diploma de P\u00f3s-Gradua\u00e7\u00e3o em Estudos de Habita\u00e7\u00e3o na Universidade de Salford<\/li>\n<\/ul>\n<\/div>\n\t<\/div>\r\n<\/div>\r\n\r\n\r\n\r\n\r\n<div class=\"wpb_text_column wpb_content_element\" >\r\n\t<div class=\"wpb_wrapper\">\r\n\t\t<h3><strong>\u00c1reas de <\/strong>Especializa\u00e7\u00f5es<\/h3>\n<div>\n<ul>\n<li>Mar\u00edtimo e expedi\u00e7\u00e3o<\/li>\n<li>Direito do trabalho em Malta<\/li>\n<\/ul>\n<\/div>\n\t<\/div>\r\n<\/div>\r\n\r\n\r\n\r\n\n\t\t\t<\/div> \n\t\t<\/div>\n\t<\/div> \n\n\t<div  class=\"vc_col-sm-6 wpb_column column_container vc_column_container col no-extra-padding inherit_tablet inherit_phone\"  data-padding-pos=\"all\" data-has-bg-color=\"false\" data-bg-color=\"\" data-bg-opacity=\"1\" data-animation=\"\" data-delay=\"0\" >\n\t\t<div class=\"vc_column-inner\" >\n\t\t\t<div class=\"wpb_wrapper\">\n\t\t\t\t<div class=\"team-member\" data-style=\"meta_below\"><img decoding=\"async\" alt=\"\" src=\"https:\/\/www.mmps.com.mt\/wp-content\/uploads\/2023\/09\/Natalie-scaled.jpg\" title=\"(+356) 27 456545\" \/><h4 class=\"light\">(+356) 27 456545<\/h4><div class=\"position\">administrator@mmps.com.mt<\/div><p class=\"description\">L\u00ednguas: ingl\u00eas<\/p><\/div>\n\t\t\t<\/div> \n\t\t<\/div>\n\t<\/div> \n<\/div><\/div>","protected":false},"excerpt":{"rendered":"Natalie ELLIS Administrative Manager Natalie Ellis initially studied Business and Finance and graduated from the University of Central Lancashire. As Natalie was working in the...","protected":false},"author":1,"featured_media":0,"parent":7142,"menu_order":0,"comment_status":"closed","ping_status":"closed","template":"","meta":{"_editorskit_title_hidden":false,"_editorskit_reading_time":0,"_editorskit_is_block_options_detached":false,"_editorskit_block_options_position":"{}","footnotes":""},"aioseo_notices":[],"_links":{"self":[{"href":"https:\/\/www.mmps.com.mt\/pt\/wp-json\/wp\/v2\/pages\/8761"}],"collection":[{"href":"https:\/\/www.mmps.com.mt\/pt\/wp-json\/wp\/v2\/pages"}],"about":[{"href":"https:\/\/www.mmps.com.mt\/pt\/wp-json\/wp\/v2\/types\/page"}],"author":[{"embeddable":true,"href":"https:\/\/www.mmps.com.mt\/pt\/wp-json\/wp\/v2\/users\/1"}],"replies":[{"embeddable":true,"href":"https:\/\/www.mmps.com.mt\/pt\/wp-json\/wp\/v2\/comments?post=8761"}],"version-history":[{"count":9,"href":"https:\/\/www.mmps.com.mt\/pt\/wp-json\/wp\/v2\/pages\/8761\/revisions"}],"predecessor-version":[{"id":11905,"href":"https:\/\/www.mmps.com.mt\/pt\/wp-json\/wp\/v2\/pages\/8761\/revisions\/11905"}],"up":[{"embeddable":true,"href":"https:\/\/www.mmps.com.mt\/pt\/wp-json\/wp\/v2\/pages\/7142"}],"wp:attachment":[{"href":"https:\/\/www.mmps.com.mt\/pt\/wp-json\/wp\/v2\/media?parent=8761"}],"curies":[{"name":"wp","href":"https:\/\/api.w.org\/{rel}","templated":true}]}}