{"id":7350,"date":"2023-01-25T09:46:52","date_gmt":"2023-01-25T09:46:52","guid":{"rendered":"https:\/\/www.mmps.com.mt\/wp-new\/?page_id=7350"},"modified":"2024-06-18T11:57:42","modified_gmt":"2024-06-18T11:57:42","slug":"about-us","status":"publish","type":"page","link":"https:\/\/www.mmps.com.mt\/pt\/sobre-nos\/","title":{"rendered":"Sobre n\u00f3s"},"content":{"rendered":"<div id=\"fws_69f52acd98c2a\"  data-column-margin=\"default\" data-midnight=\"light\" data-top-percent=\"16%\" data-bottom-percent=\"8%\"  class=\"wpb_row vc_row-fluid vc_row full-width-section  HeadingTitleCSS\"  style=\"padding-top: calc(100vw * 0.16); padding-bottom: calc(100vw * 0.08); \"><div class=\"row-bg-wrap\" data-bg-animation=\"none\" data-bg-overlay=\"true\"><div class=\"inner-wrap using-image\"><div class=\"row-bg using-image\"  style=\"background-image: url(https:\/\/www.mmps.com.mt\/wp-content\/uploads\/2023\/08\/paula-de-la-pava-nieto-nMSmiM9QFrs-unsplash-scaled.jpg); background-position: center center; background-repeat: no-repeat; \"><\/div><\/div><div class=\"row-bg-overlay\" style=\"background: rgba(12,36,124,0.86); background: linear-gradient(90deg,rgba(12,36,124,0.86) 0%,rgba(4,29,104,0.6) 100%);  opacity: 0.5; \"><\/div><\/div><div class=\"nectar-shape-divider-wrap no-color\" style=\" height:30%;\" data-using-percent-val=\"true\" data-height=\"30%\" data-front=\"true\" data-style=\"fan\" data-position=\"bottom\" ><svg class=\"nectar-shape-divider\" aria-hidden=\"true\" fill=\"\" xmlns=\"http:\/\/www.w3.org\/2000\/svg\" viewbox=\"0 0 1003.92 91\" preserveaspectratio=\"none\"> <polygon class=\"cls-1\" points=\"502.46 46.31 1 85.67 1 91.89 1002.91 91.89 1002.91 85.78 502.46 46.31\"\/><polygon class=\"cls-2\" points=\"502.46 45.8 1 0 1 91.38 1002.91 91.38 1002.91 0.1 502.46 45.8\"\/><rect class=\"cls-3\" y=\"45.81\" width=\"1003.92\" height=\"46.09\"\/>\r\n            <\/svg><\/div><div class=\"row_col_wrap_12 col span_12 light left\">\n\t<div  class=\"vc_col-sm-12 wpb_column column_container vc_column_container col centered-text no-extra-padding bottom_margin_phone_8pct inherit_tablet inherit_phone\"  data-padding-pos=\"all\" data-has-bg-color=\"false\" data-bg-color=\"\" data-bg-opacity=\"1\" data-animation=\"\" data-delay=\"0\" >\n\t\t<div class=\"vc_column-inner\" >\n\t\t\t<div class=\"wpb_wrapper\">\n\t\t\t\t\r\n<div class=\"wpb_text_column wpb_content_element  vc_custom_1718711859185 HeadTitleCSS\" >\r\n\t<div class=\"wpb_wrapper\">\r\n\t\t<h2>MMPS Ltd<\/h2>\n\t<\/div>\r\n<\/div>\r\n\r\n\r\n\r\n\n\t\t\t<\/div> \n\t\t<\/div>\n\t<\/div> \n<\/div><\/div>\r\n\t\t<div id=\"about\"  data-column-margin=\"30px\" data-midnight=\"dark\" data-top-percent=\"6%\" data-bottom-percent=\"6%\"  class=\"wpb_row vc_row-fluid vc_row  vc_row-o-equal-height vc_row-flex  vc_row-o-content-middle\"  style=\"padding-top: calc(100vw * 0.06); padding-bottom: calc(100vw * 0.06); \"><div class=\"row-bg-wrap\" data-bg-animation=\"none\" data-bg-overlay=\"false\"><div class=\"inner-wrap\"><div class=\"row-bg\"  style=\"\"><\/div><\/div><\/div><div class=\"row_col_wrap_12 col span_12 dark left\">\n\t<div  class=\"vc_col-sm-6 TopContentHeadCSS wpb_column column_container vc_column_container col padding-2-percent inherit_tablet inherit_phone\"  data-padding-pos=\"top-bottom\" data-has-bg-color=\"false\" data-bg-color=\"\" data-bg-opacity=\"1\" data-animation=\"\" data-delay=\"0\" >\n\t\t<div class=\"vc_column-inner\" >\n\t\t\t<div class=\"wpb_wrapper\">\n\t\t\t\t<div class=\"nectar-split-heading\" data-align=\"default\" data-m-align=\"inherit\" data-animation-type=\"line-reveal-by-space\" data-animation-delay=\"0\" data-m-rm-animation=\"\" data-stagger=\"\" data-custom-font-size=\"false\" ><h2 style=\"max-width: 450px; color: #ffffff;\">MMPS Limitada<\/h2><\/div><div id=\"fws_69f52acd99141\" data-midnight=\"\" data-column-margin=\"default\" class=\"wpb_row vc_row-fluid vc_row inner_row\"  style=\"\"><div class=\"row-bg-wrap\"> <div class=\"row-bg\" ><\/div> <\/div><div class=\"row_col_wrap_12_inner col span_12  left\">\n\t<div style=\" color: #ffffff;\" class=\"vc_col-sm-12 wpb_column column_container vc_column_container col child_column has-animation no-extra-padding inherit_tablet inherit_phone\" data-cfc=\"true\"  data-padding-pos=\"all\" data-has-bg-color=\"false\" data-bg-color=\"\" data-bg-opacity=\"1\" data-animation=\"fade-in-from-bottom\" data-delay=\"0\">\n\t\t<div class=\"vc_column-inner\" >\n\t\t<div class=\"wpb_wrapper\">\n\t\t\t\r\n<div class=\"wpb_text_column wpb_content_element\" style=\" max-width: 500px; display: inline-block;\">\r\n\t<div class=\"wpb_wrapper\">\r\n\t\t<p>Somos sempre francos com os nossos clientes em termos de custos e temos uma excelente reputa\u00e7\u00e3o no sector por prestarmos servi\u00e7os profissionais a pre\u00e7os atractivos. O custo de administra\u00e7\u00e3o proposto \u00e9 uma taxa com tudo inclu\u00eddo, que consideramos muito atractiva e, acima de tudo, clara, sem extras ocultos.<\/p>\n<p>Se desejar prosseguir com os nossos servi\u00e7os, podemos iniciar o processo imediatamente.<\/p>\n<p>A nossa equipa de especialistas estar\u00e1 \u00e0 disposi\u00e7\u00e3o para o orientar no processo de implementa\u00e7\u00e3o e para o aconselhar sobre as op\u00e7\u00f5es dispon\u00edveis.<\/p>\n\t<\/div>\r\n<\/div>\r\n\r\n\r\n\r\n\n\t\t<\/div> \n\t<\/div>\n\t<\/div> \n<\/div><\/div>\n\t\t\t<\/div> \n\t\t<\/div>\n\t<\/div> \n\n\t<div style=\"\" class=\"vc_col-sm-6 wpb_column column_container vc_column_container col padding-5-percent inherit_tablet inherit_phone\" data-using-bg=\"true\" data-bg-cover=\"true\" data-padding-pos=\"all\" data-has-bg-color=\"false\" data-bg-color=\"\" data-bg-opacity=\"1\" data-animation=\"\" data-delay=\"0\" >\n\t\t<div class=\"vc_column-inner\" ><div class=\"column-image-bg-wrap\" data-bg-pos=\"center center\" data-bg-animation=\"zoom-out-reveal\" data-bg-overlay=\"false\"><div class=\"inner-wrap\"><div class=\"column-image-bg\" style=\" background-image: url('https:\/\/www.mmps.com.mt\/wp-content\/uploads\/2024\/04\/mylene-tremoyet-b2fvvuVuKZc-unsplash-scaled.jpg'); \"><\/div><\/div><\/div>\n\t\t\t<div class=\"wpb_wrapper\">\n\t\t\t\t<div class=\"divider-wrap\" data-alignment=\"default\"><div style=\"height: 300px;\" class=\"divider\"><\/div><\/div>\n\t\t\t<\/div> \n\t\t<\/div>\n\t<\/div> \n<\/div><\/div>\r\n\t\t<div id=\"fws_69f52acd996a5\"  data-column-margin=\"default\" data-midnight=\"dark\" data-top-percent=\"10%\" data-bottom-percent=\"10%\"  class=\"wpb_row vc_row-fluid vc_row full-width-section  HeadingTitleCSS\"  style=\"padding-top: calc(100vw * 0.10); padding-bottom: calc(100vw * 0.10); \"><div class=\"row-bg-wrap\" data-bg-animation=\"none\" data-bg-overlay=\"false\"><div class=\"inner-wrap\"><div class=\"row-bg using-bg-color\"  style=\"background-color: rgba(43,49,63,0.8); \"><\/div><\/div><\/div><div class=\"row_col_wrap_12 col span_12 dark left\">\n\t<div  class=\"vc_col-sm-12 wpb_column column_container vc_column_container col centered-text padding-4-percent inherit_tablet inherit_phone\"  data-padding-pos=\"bottom\" data-has-bg-color=\"false\" data-bg-color=\"\" data-bg-opacity=\"1\" data-animation=\"\" data-delay=\"0\" >\n\t\t<div class=\"vc_column-inner\" >\n\t\t\t<div class=\"wpb_wrapper\">\n\t\t\t\t\r\n<div class=\"wpb_text_column wpb_content_element  vc_custom_1695633601911 HeadTitleCSS\" >\r\n\t<div class=\"wpb_wrapper\">\r\n\t\t<h2 style=\"text-align: center;\">AS NOSSAS ENTIDADES<\/h2>\n\t<\/div>\r\n<\/div>\r\n\r\n\r\n\r\n<div id=\"fws_69f52acd997ea\" data-midnight=\"\" data-column-margin=\"default\" class=\"wpb_row vc_row-fluid vc_row inner_row  vc_row-o-equal-height vc_row-flex vc_row-o-content-middle\"  style=\"padding-top: 25px; \"><div class=\"row-bg-wrap\"> <div class=\"row-bg\" ><\/div> <\/div><div class=\"row_col_wrap_12_inner col span_12  left\">\n\t<div  class=\"vc_col-sm-4 wpb_column column_container vc_column_container col child_column centered-text has-animation padding-4-percent inherit_tablet inherit_phone\"   data-border-animation=\"true\" data-border-animation-delay=\"\" data-border-width=\"2px\" data-border-style=\"solid\" data-border-color=\"rgba(226,226,226,0.1)\" data-padding-pos=\"all\" data-has-bg-color=\"false\" data-bg-color=\"\" data-bg-opacity=\"0.6\" data-animation=\"fade-in\" data-delay=\"0\">\n\t\t<div class=\"vc_column-inner\" style=\"border: 2px solid rgba(255,255,255,0); \"><span class=\"border-wrap\" style=\"border-color: rgba(226,226,226,0.1);\"><span class=\"border-top\"><\/span><span class=\"border-right\"><\/span><span class=\"border-bottom\"><\/span><span class=\"border-left\"><\/span><\/span>\n\t\t<div class=\"wpb_wrapper\">\n\t\t\t<div class=\"img-with-aniamtion-wrap\" data-max-width=\"100%\" data-max-width-mobile=\"default\" data-shadow=\"none\" data-animation=\"fade-in\" >\r\n      <div class=\"inner\">\r\n        <div class=\"hover-wrap\"> \r\n          <div class=\"hover-wrap-inner\">\r\n            <img loading=\"lazy\" decoding=\"async\" class=\"img-with-animation skip-lazy mmfix\" data-delay=\"0\" height=\"200\" width=\"387\" data-animation=\"fade-in\" src=\"https:\/\/www.mmps.com.mt\/wp-content\/uploads\/2024\/04\/MIFSUD-MIFSUD-Logo-WHITE-WEB.png\" alt=\"\" srcset=\"https:\/\/www.mmps.com.mt\/wp-content\/uploads\/2024\/04\/MIFSUD-MIFSUD-Logo-WHITE-WEB.png 387w, https:\/\/www.mmps.com.mt\/wp-content\/uploads\/2024\/04\/MIFSUD-MIFSUD-Logo-WHITE-WEB-300x155.png 300w, https:\/\/www.mmps.com.mt\/wp-content\/uploads\/2024\/04\/MIFSUD-MIFSUD-Logo-WHITE-WEB-18x9.png 18w\" sizes=\"(min-width: 1450px) 75vw, (min-width: 1000px) 85vw, 100vw\" \/>\r\n          <\/div>\r\n        <\/div>\r\n      <\/div>\r\n    <\/div><a class=\"nectar-button large see-through-3  has-icon\"  style=\"margin-bottom: 30px; border-color: #ffffff;\"  href=\"https:\/\/www.mmps.com.mt\/pt\/\" data-color-override=\"#ffffff\" data-hover-color-override=\"false\" data-hover-text-color-override=\"#ffffff\"><span>Visitar o s\u00edtio Web<\/span><i  class=\"iconsmind-Triangle-ArrowRight\"><\/i><\/a>\n\t\t<\/div> \n\t<\/div>\n\t<\/div> \n\n\t<div  class=\"vc_col-sm-4 wpb_column column_container vc_column_container col child_column has-animation padding-4-percent inherit_tablet inherit_phone\"   data-border-animation=\"true\" data-border-animation-delay=\"300\" data-border-width=\"2px\" data-border-style=\"solid\" data-border-color=\"rgba(226,226,226,0.1)\" data-padding-pos=\"all\" data-has-bg-color=\"false\" data-bg-color=\"\" data-bg-opacity=\"1\" data-animation=\"fade-in\" data-delay=\"300\">\n\t\t<div class=\"vc_column-inner\" style=\"border: 2px solid rgba(255,255,255,0); \"><span class=\"border-wrap\" style=\"border-color: rgba(226,226,226,0.1);\"><span class=\"border-top\"><\/span><span class=\"border-right\"><\/span><span class=\"border-bottom\"><\/span><span class=\"border-left\"><\/span><\/span>\n\t\t<div class=\"wpb_wrapper\">\n\t\t\t<div class=\"img-with-aniamtion-wrap\" data-max-width=\"100%\" data-max-width-mobile=\"default\" data-shadow=\"none\" data-animation=\"fade-in\" >\r\n      <div class=\"inner\">\r\n        <div class=\"hover-wrap\"> \r\n          <div class=\"hover-wrap-inner\">\r\n            <img loading=\"lazy\" decoding=\"async\" class=\"img-with-animation skip-lazy aegisfix\" data-delay=\"0\" height=\"1417\" width=\"4016\" data-animation=\"fade-in\" src=\"https:\/\/www.mmps.com.mt\/wp-content\/uploads\/2023\/09\/aegis-ramon-aw.png\" alt=\"\" srcset=\"https:\/\/www.mmps.com.mt\/wp-content\/uploads\/2023\/09\/aegis-ramon-aw.png 4016w, https:\/\/www.mmps.com.mt\/wp-content\/uploads\/2023\/09\/aegis-ramon-aw-300x106.png 300w, https:\/\/www.mmps.com.mt\/wp-content\/uploads\/2023\/09\/aegis-ramon-aw-1024x361.png 1024w, https:\/\/www.mmps.com.mt\/wp-content\/uploads\/2023\/09\/aegis-ramon-aw-768x271.png 768w, https:\/\/www.mmps.com.mt\/wp-content\/uploads\/2023\/09\/aegis-ramon-aw-1536x542.png 1536w, https:\/\/www.mmps.com.mt\/wp-content\/uploads\/2023\/09\/aegis-ramon-aw-2048x723.png 2048w\" sizes=\"(min-width: 1450px) 75vw, (min-width: 1000px) 85vw, 100vw\" \/>\r\n          <\/div>\r\n        <\/div>\r\n      <\/div>\r\n    <\/div><a class=\"nectar-button large see-through-3  has-icon\"  style=\"margin-bottom: 30px; border-color: #ffffff;\"  href=\"https:\/\/www.aegismalta.com\" data-color-override=\"#ffffff\" data-hover-color-override=\"false\" data-hover-text-color-override=\"#ffffff\"><span>Visitar o s\u00edtio Web<\/span><i  class=\"iconsmind-Triangle-ArrowRight\"><\/i><\/a>\n\t\t<\/div> \n\t<\/div>\n\t<\/div> \n\n\t<div  class=\"vc_col-sm-4 wpb_column column_container vc_column_container col child_column has-animation padding-4-percent inherit_tablet inherit_phone\"   data-border-animation=\"true\" data-border-animation-delay=\"600\" data-border-width=\"2px\" data-border-style=\"solid\" data-border-color=\"rgba(226,226,226,0.1)\" data-padding-pos=\"all\" data-has-bg-color=\"false\" data-bg-color=\"\" data-bg-opacity=\"1\" data-animation=\"fade-in\" data-delay=\"600\">\n\t\t<div class=\"vc_column-inner\" style=\"border: 2px solid rgba(255,255,255,0); \"><span class=\"border-wrap\" style=\"border-color: rgba(226,226,226,0.1);\"><span class=\"border-top\"><\/span><span class=\"border-right\"><\/span><span class=\"border-bottom\"><\/span><span class=\"border-left\"><\/span><\/span>\n\t\t<div class=\"wpb_wrapper\">\n\t\t\t<div class=\"img-with-aniamtion-wrap\" data-max-width=\"100%\" data-max-width-mobile=\"default\" data-shadow=\"none\" data-animation=\"fade-in\" >\r\n      <div class=\"inner\">\r\n        <div class=\"hover-wrap\"> \r\n          <div class=\"hover-wrap-inner\">\r\n            <img loading=\"lazy\" decoding=\"async\" class=\"img-with-animation skip-lazy\" data-delay=\"0\" height=\"274\" width=\"896\" data-animation=\"fade-in\" src=\"https:\/\/www.mmps.com.mt\/wp-content\/uploads\/2024\/03\/MMPS-Logo-1.png\" alt=\"\" srcset=\"https:\/\/www.mmps.com.mt\/wp-content\/uploads\/2024\/03\/MMPS-Logo-1.png 896w, https:\/\/www.mmps.com.mt\/wp-content\/uploads\/2024\/03\/MMPS-Logo-1-300x92.png 300w, https:\/\/www.mmps.com.mt\/wp-content\/uploads\/2024\/03\/MMPS-Logo-1-768x235.png 768w\" sizes=\"(min-width: 1450px) 75vw, (min-width: 1000px) 85vw, 100vw\" \/>\r\n          <\/div>\r\n        <\/div>\r\n      <\/div>\r\n    <\/div><a class=\"nectar-button large see-through-3  has-icon\"  style=\"margin-bottom: 30px; border-color: #ffffff;\"  href=\"https:\/\/www.mmps.com.mt\/pt\/\" data-color-override=\"#ffffff\" data-hover-color-override=\"false\" data-hover-text-color-override=\"#ffffff\"><span>Visitar o s\u00edtio Web<\/span><i  class=\"iconsmind-Triangle-ArrowRight\"><\/i><\/a>\n\t\t<\/div> \n\t<\/div>\n\t<\/div> \n<\/div><\/div>\n\t\t\t<\/div> \n\t\t<\/div>\n\t<\/div> \n<\/div><\/div>","protected":false},"excerpt":{"rendered":"MMPS Ltd MMPS Limited Somos sempre francos com os nossos clientes em termos de custos e temos uma excelente reputa\u00e7\u00e3o no sector por fornecermos...","protected":false},"author":1,"featured_media":0,"parent":0,"menu_order":0,"comment_status":"closed","ping_status":"closed","template":"","meta":{"_editorskit_title_hidden":false,"_editorskit_reading_time":0,"_editorskit_is_block_options_detached":false,"_editorskit_block_options_position":"{}","footnotes":""},"aioseo_notices":[],"_links":{"self":[{"href":"https:\/\/www.mmps.com.mt\/pt\/wp-json\/wp\/v2\/pages\/7350"}],"collection":[{"href":"https:\/\/www.mmps.com.mt\/pt\/wp-json\/wp\/v2\/pages"}],"about":[{"href":"https:\/\/www.mmps.com.mt\/pt\/wp-json\/wp\/v2\/types\/page"}],"author":[{"embeddable":true,"href":"https:\/\/www.mmps.com.mt\/pt\/wp-json\/wp\/v2\/users\/1"}],"replies":[{"embeddable":true,"href":"https:\/\/www.mmps.com.mt\/pt\/wp-json\/wp\/v2\/comments?post=7350"}],"version-history":[{"count":141,"href":"https:\/\/www.mmps.com.mt\/pt\/wp-json\/wp\/v2\/pages\/7350\/revisions"}],"predecessor-version":[{"id":11894,"href":"https:\/\/www.mmps.com.mt\/pt\/wp-json\/wp\/v2\/pages\/7350\/revisions\/11894"}],"wp:attachment":[{"href":"https:\/\/www.mmps.com.mt\/pt\/wp-json\/wp\/v2\/media?parent=7350"}],"curies":[{"name":"wp","href":"https:\/\/api.w.org\/{rel}","templated":true}]}}