{"id":11891,"date":"2024-06-17T07:30:13","date_gmt":"2024-06-17T07:30:13","guid":{"rendered":"https:\/\/www.mmps.com.mt\/?page_id=11891"},"modified":"2024-06-18T12:08:38","modified_gmt":"2024-06-18T12:08:38","slug":"cedric-mifsud","status":"publish","type":"page","link":"https:\/\/www.mmps.com.mt\/pt\/a-nossa-equipa\/cedric-mifsud\/","title":{"rendered":"Cedric Mifsud"},"content":{"rendered":"<div id=\"fws_69ea600ba7a44\"  data-column-margin=\"default\" data-midnight=\"light\" data-top-percent=\"13%\" data-bottom-percent=\"13%\"  class=\"wpb_row vc_row-fluid vc_row full-width-section\"  style=\"padding-top: calc(100vw * 0.13); padding-bottom: calc(100vw * 0.13); \"><div class=\"row-bg-wrap\" data-bg-animation=\"none\" data-bg-overlay=\"true\"><div class=\"inner-wrap using-image\"><div class=\"row-bg using-image\"  style=\"background-image: url(https:\/\/www.mmps.com.mt\/wp-content\/uploads\/2023\/08\/mike-nahlii-58dW7cIAB1k-unsplash-scaled.jpg); background-position: center center; background-repeat: no-repeat; \"><\/div><\/div><div class=\"row-bg-overlay\" style=\"background: rgba(28,29,44,0.86); background: linear-gradient(90deg,rgba(28,29,44,0.86) 0%,rgba(45,58,74,0.6) 100%);  opacity: 0.3; \"><\/div><\/div><div class=\"nectar-shape-divider-wrap no-color\" style=\" height:35%;\" data-using-percent-val=\"true\" data-height=\"35%\" data-front=\"\" data-style=\"fan\" data-position=\"bottom\" ><svg class=\"nectar-shape-divider\" aria-hidden=\"true\" fill=\"\" xmlns=\"http:\/\/www.w3.org\/2000\/svg\" viewbox=\"0 0 1003.92 91\" preserveaspectratio=\"none\"> <polygon class=\"cls-1\" points=\"502.46 46.31 1 85.67 1 91.89 1002.91 91.89 1002.91 85.78 502.46 46.31\"\/><polygon class=\"cls-2\" points=\"502.46 45.8 1 0 1 91.38 1002.91 91.38 1002.91 0.1 502.46 45.8\"\/><rect class=\"cls-3\" y=\"45.81\" width=\"1003.92\" height=\"46.09\"\/>\r\n            <\/svg><\/div><div class=\"row_col_wrap_12 col span_12 light left\">\n\t<div style=\"\" class=\"vc_col-sm-12 wpb_column column_container vc_column_container col no-extra-padding bottom_margin_phone_8pct inherit_tablet inherit_phone\" data-using-bg=\"true\" data-padding-pos=\"all\" data-has-bg-color=\"false\" data-bg-color=\"\" data-bg-opacity=\"1\" data-animation=\"\" data-delay=\"0\" >\n\t\t<div class=\"vc_column-inner\" ><div class=\"column-image-bg-wrap\" data-bg-pos=\"center center\" data-bg-animation=\"none\" data-bg-overlay=\"false\"><div class=\"inner-wrap\"><div class=\"column-image-bg\" style=\"\"><\/div><\/div><\/div>\n\t\t\t<div class=\"wpb_wrapper\">\n\t\t\t\t\n\t\t\t<\/div> \n\t\t<\/div>\n\t<\/div> \n<\/div><\/div>\r\n\t\t<div id=\"fws_69ea600ba7f6d\"  data-column-margin=\"default\" data-midnight=\"dark\"  class=\"wpb_row vc_row-fluid vc_row\"  style=\"padding-top: 0px; padding-bottom: 0px; \"><div class=\"row-bg-wrap\" data-bg-animation=\"none\" data-bg-overlay=\"false\"><div class=\"inner-wrap\"><div class=\"row-bg\"  style=\"\"><\/div><\/div><\/div><div class=\"row_col_wrap_12 col span_12 dark left\">\n\t<div style=\"margin-top: 30px; \" class=\"vc_col-sm-12 TeamHfix wpb_column column_container vc_column_container col no-extra-padding inherit_tablet inherit_phone\"  data-padding-pos=\"all\" data-has-bg-color=\"false\" data-bg-color=\"\" data-bg-opacity=\"1\" data-animation=\"\" data-delay=\"0\" >\n\t\t<div class=\"vc_column-inner\" >\n\t\t\t<div class=\"wpb_wrapper\">\n\t\t\t\t\r\n<div class=\"wpb_text_column wpb_content_element\" >\r\n\t<div class=\"wpb_wrapper\">\r\n\t\t<h2>Cedric MIFSUD<\/h2>\n\t<\/div>\r\n<\/div>\r\n\r\n\r\n\r\n<div class=\"divider-wrap\" data-alignment=\"default\"><div style=\"margin-top: 12.5px; width: 60px; height: 3px; margin-bottom: 12.5px;\" data-width=\"60\" data-animate=\"yes\" data-animation-delay=\"\" data-color=\"extra-color-1\" class=\"divider-small-border\"><\/div><\/div>\r\n<div class=\"wpb_text_column wpb_content_element\" >\r\n\t<div class=\"wpb_wrapper\">\r\n\t\t<h4>Diretor<\/h4>\n\t<\/div>\r\n<\/div>\r\n\r\n\r\n\r\n\n\t\t\t<\/div> \n\t\t<\/div>\n\t<\/div> \n<\/div><\/div>\r\n\t\t<div id=\"fws_69ea600ba82ba\"  data-column-margin=\"default\" data-midnight=\"dark\"  class=\"wpb_row vc_row-fluid vc_row   reverse_columns_column_phone\"  style=\"padding-top: 0px; padding-bottom: 0px; \"><div class=\"row-bg-wrap\" data-bg-animation=\"none\" data-bg-overlay=\"false\"><div class=\"inner-wrap\"><div class=\"row-bg\"  style=\"\"><\/div><\/div><\/div><div class=\"row_col_wrap_12 col span_12 dark left\">\n\t<div  class=\"vc_col-sm-6 team_member_details wpb_column column_container vc_column_container col no-extra-padding inherit_tablet inherit_phone\"  data-padding-pos=\"all\" data-has-bg-color=\"false\" data-bg-color=\"\" data-bg-opacity=\"1\" data-animation=\"\" data-delay=\"0\" >\n\t\t<div class=\"vc_column-inner\" >\n\t\t\t<div class=\"wpb_wrapper\">\n\t\t\t\t\r\n<div class=\"wpb_text_column wpb_content_element\" >\r\n\t<div class=\"wpb_wrapper\">\r\n\t\t<div id=\"fws_64f0d9f39a208\" class=\"wpb_row vc_row-fluid vc_row\" data-column-margin=\"default\" data-midnight=\"dark\">\n<div class=\"row_col_wrap_12 col span_12 dark left\">\n<div class=\"vc_col-sm-12 wpb_column column_container vc_column_container col no-extra-padding inherit_tablet inherit_phone\" data-padding-pos=\"all\" data-has-bg-color=\"false\" data-bg-color=\"\" data-bg-opacity=\"1\" data-animation=\"\" data-delay=\"0\">\n<div class=\"vc_column-inner\">\n<div class=\"wpb_wrapper\">\n<div class=\"wpb_text_column wpb_content_element\">\n<div class=\"wpb_wrapper\">\n<div id=\"fws_64f0d9f39a208\" class=\"wpb_row vc_row-fluid vc_row\" data-column-margin=\"default\" data-midnight=\"dark\">\n<div class=\"row_col_wrap_12 col span_12 dark left\">\n<div class=\"vc_col-sm-12 wpb_column column_container vc_column_container col no-extra-padding inherit_tablet inherit_phone\" data-padding-pos=\"all\" data-has-bg-color=\"false\" data-bg-color=\"\" data-bg-opacity=\"1\" data-animation=\"\" data-delay=\"0\">\n<div class=\"vc_column-inner\">\n<div class=\"wpb_wrapper\">\n<div class=\"wpb_text_column wpb_content_element\">\n<div class=\"wpb_wrapper\">\n<p>Cedric Mifsud \u00e9 s\u00f3cio fundador de Mifsud &amp; Mifsud Advocates, especializado em direito comercial e contencioso.<\/p>\n<p>Aquando da cria\u00e7\u00e3o do escrit\u00f3rio, foi confiado ao Cedric o desenvolvimento de um departamento de direito comercial que rapidamente desenvolveu uma clientela local e estrangeira variada que procurava a sua experi\u00eancia em numerosas transac\u00e7\u00f5es.<\/p>\n<p>Como advogado comercial nas \u00faltimas duas d\u00e9cadas, o Cedric prestou assist\u00eancia a in\u00fameros clientes numa variedade de transac\u00e7\u00f5es, que incluem fus\u00f5es e aquisi\u00e7\u00f5es, contratos de propriedade, transfer\u00eancia de propriedade intelectual, bem como transac\u00e7\u00f5es mar\u00edtimas e a\u00e9reas. Meticuloso nos pormenores, a abordagem de Cedric consiste em mergulhar primeiro nos meandros da transa\u00e7\u00e3o e identificar as principais complexidades que t\u00eam de ser tratadas na transa\u00e7\u00e3o. O seu principal objetivo \u00e9 determinar as necessidades comerciais do cliente e negociar o que \u00e9 melhor para o cliente.<\/p>\n<p>Cedric \u00e9 tamb\u00e9m um litigante experiente, centrado no direito comercial, no direito administrativo e nos direitos humanos. Ao longo da sua carreira, prestou assist\u00eancia com \u00eaxito a uma s\u00e9rie de clientes de alto n\u00edvel em quest\u00f5es jur\u00eddicas controversas e complexas. Nomeadamente, prestou assist\u00eancia a clientes no primeiro caso que acabou por conduzir a uma revis\u00e3o total do tratamento dado pelos pa\u00edses \u00e0s suas leis de arrendamento, representou embarca\u00e7\u00f5es de salvamento que foram apreendidas pelo Estado durante um bloqueio efectuado pelo governo numa tentativa de travar a travessia de migrantes e \u00e9 um dos principais litigantes em casos de igualdade, com especial incid\u00eancia nos direitos LGBITQ.<\/p>\n<p>Em 2023, Cedric foi eleito para o conselho executivo da Chamber of Advocates, que \u00e9 a entidade que representa o corpo de advogados com mandato admitido na Ordem dos Advogados de Malta.<\/p>\n<p>Cedric \u00e9 diretor da Aegis Corporate Services Limited, uma empresa licenciada pelos Servi\u00e7os Financeiros de Malta e que presta todos os servi\u00e7os necess\u00e1rios relacionados com a administra\u00e7\u00e3o de empresas. Tamb\u00e9m \u00e9 diretor da MMPS Limited, uma empresa de processamento de sal\u00e1rios centrada na ind\u00fastria mar\u00edtima.<\/p>\n<\/div>\n<\/div>\n<\/div>\n<\/div>\n<\/div>\n<\/div>\n<\/div>\n<\/div>\n<\/div>\n<\/div>\n<\/div>\n<\/div>\n<\/div>\n<\/div>\n\t<\/div>\r\n<\/div>\r\n\r\n\r\n\r\n\r\n<div class=\"wpb_text_column wpb_content_element\" >\r\n\t<div class=\"wpb_wrapper\">\r\n\t\t<h3><strong>Associa\u00e7\u00f5es profissionais<\/strong><\/h3>\n<div>\n<ul>\n<li>C\u00e2mara dos Advogados<\/li>\n<li>Liga\u00e7\u00e3o mundial para o direito<\/li>\n<li>Associa\u00e7\u00e3o de Direito Mar\u00edtimo de Malta<\/li>\n<\/ul>\n<\/div>\n\t<\/div>\r\n<\/div>\r\n\r\n\r\n\r\n\r\n<div class=\"wpb_text_column wpb_content_element\" >\r\n\t<div class=\"wpb_wrapper\">\r\n\t\t<h3><strong>\u00c1reas de <\/strong>Especializa\u00e7\u00f5es<\/h3>\n<div>\n<ul>\n<li>Comercial e empresarial<\/li>\n<li>Mar\u00edtimo e expedi\u00e7\u00e3o<\/li>\n<li>Avia\u00e7\u00e3o e transportes<\/li>\n<li>UE e concorr\u00eancia<\/li>\n<li>Banca e finan\u00e7as<\/li>\n<li>Resolu\u00e7\u00e3o de lit\u00edgios e contencioso<\/li>\n<\/ul>\n<\/div>\n\t<\/div>\r\n<\/div>\r\n\r\n\r\n\r\n\n\t\t\t<\/div> \n\t\t<\/div>\n\t<\/div> \n\n\t<div  class=\"vc_col-sm-6 wpb_column column_container vc_column_container col no-extra-padding inherit_tablet inherit_phone\"  data-padding-pos=\"all\" data-has-bg-color=\"false\" data-bg-color=\"\" data-bg-opacity=\"1\" data-animation=\"\" data-delay=\"0\" >\n\t\t<div class=\"vc_column-inner\" >\n\t\t\t<div class=\"wpb_wrapper\">\n\t\t\t\t<div class=\"team-member\" data-style=\"meta_below\"><img decoding=\"async\" alt=\"\" src=\"https:\/\/www.mmps.com.mt\/wp-content\/uploads\/2024\/06\/Cedric-3-scaled.jpg\" title=\"(+356) 27237172\" \/><h4 class=\"light\">(+356) 27237172<\/h4><div class=\"position\">cmifsud@mifsudadvocates.com.mt<\/div><p class=\"description\">L\u00ednguas: Malt\u00eas, ingl\u00eas, italiano<\/p><\/div>\n\t\t\t<\/div> \n\t\t<\/div>\n\t<\/div> \n<\/div><\/div>\r\n\t\t<div id=\"fws_69ea600ba8bd8\"  data-column-margin=\"default\" data-midnight=\"dark\"  class=\"wpb_row vc_row-fluid vc_row full-width-section\"  style=\"padding-top: 20px; padding-bottom: 20px; \"><div class=\"row-bg-wrap\" data-bg-animation=\"none\" data-bg-overlay=\"false\"><div class=\"inner-wrap\"><div class=\"row-bg\"  style=\"\"><\/div><\/div><\/div><div class=\"row_col_wrap_12 col span_12 dark left\">\n\t<div  class=\"vc_col-sm-12 team_member_details wpb_column column_container vc_column_container col no-extra-padding inherit_tablet inherit_phone\"  data-padding-pos=\"all\" data-has-bg-color=\"false\" data-bg-color=\"\" data-bg-opacity=\"1\" data-animation=\"\" data-delay=\"0\" >\n\t\t<div class=\"vc_column-inner\" >\n\t\t\t<div class=\"wpb_wrapper\">\n\t\t\t\t\n\t\t\t<\/div> \n\t\t<\/div>\n\t<\/div> \n<\/div><\/div>","protected":false},"excerpt":{"rendered":"Cedric MIFSUD Diretor Cedric Mifsud \u00e9 s\u00f3cio fundador de Mifsud &amp; Mifsud Advocates, especializado em direito comercial e contencioso. Aquando da cria\u00e7\u00e3o do...","protected":false},"author":1,"featured_media":0,"parent":7142,"menu_order":0,"comment_status":"closed","ping_status":"closed","template":"","meta":{"_editorskit_title_hidden":false,"_editorskit_reading_time":0,"_editorskit_is_block_options_detached":false,"_editorskit_block_options_position":"{}","footnotes":""},"aioseo_notices":[],"_links":{"self":[{"href":"https:\/\/www.mmps.com.mt\/pt\/wp-json\/wp\/v2\/pages\/11891"}],"collection":[{"href":"https:\/\/www.mmps.com.mt\/pt\/wp-json\/wp\/v2\/pages"}],"about":[{"href":"https:\/\/www.mmps.com.mt\/pt\/wp-json\/wp\/v2\/types\/page"}],"author":[{"embeddable":true,"href":"https:\/\/www.mmps.com.mt\/pt\/wp-json\/wp\/v2\/users\/1"}],"replies":[{"embeddable":true,"href":"https:\/\/www.mmps.com.mt\/pt\/wp-json\/wp\/v2\/comments?post=11891"}],"version-history":[{"count":2,"href":"https:\/\/www.mmps.com.mt\/pt\/wp-json\/wp\/v2\/pages\/11891\/revisions"}],"predecessor-version":[{"id":11902,"href":"https:\/\/www.mmps.com.mt\/pt\/wp-json\/wp\/v2\/pages\/11891\/revisions\/11902"}],"up":[{"embeddable":true,"href":"https:\/\/www.mmps.com.mt\/pt\/wp-json\/wp\/v2\/pages\/7142"}],"wp:attachment":[{"href":"https:\/\/www.mmps.com.mt\/pt\/wp-json\/wp\/v2\/media?parent=11891"}],"curies":[{"name":"wp","href":"https:\/\/api.w.org\/{rel}","templated":true}]}}