{"id":7142,"date":"2023-01-24T09:36:11","date_gmt":"2023-01-24T09:36:11","guid":{"rendered":"https:\/\/www.mmps.com.mt\/wp-new\/?page_id=7142"},"modified":"2025-09-19T13:59:08","modified_gmt":"2025-09-19T13:59:08","slug":"our-team","status":"publish","type":"page","link":"https:\/\/www.mmps.com.mt\/fr\/notre-equipe\/","title":{"rendered":"Notre \u00e9quipe"},"content":{"rendered":"<div id=\"fws_69ea3a256289e\"  data-column-margin=\"default\" data-midnight=\"light\" data-top-percent=\"16%\" data-bottom-percent=\"8%\"  class=\"wpb_row vc_row-fluid vc_row full-width-section  HeadingTitleCSS\"  style=\"padding-top: calc(100vw * 0.16); padding-bottom: calc(100vw * 0.08); \"><div class=\"row-bg-wrap\" data-bg-animation=\"none\" data-bg-overlay=\"true\"><div class=\"inner-wrap using-image\"><div class=\"row-bg using-image\"  style=\"background-image: url(https:\/\/www.mmps.com.mt\/wp-content\/uploads\/2023\/08\/paula-de-la-pava-nieto-nMSmiM9QFrs-unsplash-scaled.jpg); background-position: center center; background-repeat: no-repeat; \"><\/div><\/div><div class=\"row-bg-overlay\" style=\"background: rgba(12,36,124,0.86); background: linear-gradient(90deg,rgba(12,36,124,0.86) 0%,rgba(4,29,104,0.6) 100%);  opacity: 0.5; \"><\/div><\/div><div class=\"nectar-shape-divider-wrap no-color\" style=\" height:25%;\" data-using-percent-val=\"true\" data-height=\"25%\" data-front=\"true\" data-style=\"fan\" data-position=\"bottom\" ><svg class=\"nectar-shape-divider\" aria-hidden=\"true\" fill=\"\" xmlns=\"http:\/\/www.w3.org\/2000\/svg\" viewbox=\"0 0 1003.92 91\" preserveaspectratio=\"none\"> <polygon class=\"cls-1\" points=\"502.46 46.31 1 85.67 1 91.89 1002.91 91.89 1002.91 85.78 502.46 46.31\"\/><polygon class=\"cls-2\" points=\"502.46 45.8 1 0 1 91.38 1002.91 91.38 1002.91 0.1 502.46 45.8\"\/><rect class=\"cls-3\" y=\"45.81\" width=\"1003.92\" height=\"46.09\"\/>\r\n            <\/svg><\/div><div class=\"row_col_wrap_12 col span_12 light left\">\n\t<div  class=\"vc_col-sm-12 wpb_column column_container vc_column_container col centered-text no-extra-padding bottom_margin_phone_8pct inherit_tablet inherit_phone\"  data-padding-pos=\"all\" data-has-bg-color=\"false\" data-bg-color=\"\" data-bg-opacity=\"1\" data-animation=\"\" data-delay=\"0\" >\n\t\t<div class=\"vc_column-inner\" >\n\t\t\t<div class=\"wpb_wrapper\">\n\t\t\t\t\r\n<div class=\"wpb_text_column wpb_content_element  vc_custom_1693511094816 HeadTitleCSS\" >\r\n\t<div class=\"wpb_wrapper\">\r\n\t\t<h2>NOTRE \u00c9QUIPE<\/h2>\n\t<\/div>\r\n<\/div>\r\n\r\n\r\n\r\n\n\t\t\t<\/div> \n\t\t<\/div>\n\t<\/div> \n<\/div><\/div>\r\n\t\t<div id=\"fws_69ea3a2562bd2\"  data-column-margin=\"default\" data-midnight=\"dark\" data-top-percent=\"7%\" data-bottom-percent=\"7%\"  class=\"wpb_row vc_row-fluid vc_row  HeadTitleCSS\"  style=\"padding-top: calc(100vw * 0.07); padding-bottom: calc(100vw * 0.07); \"><div class=\"row-bg-wrap\" data-bg-animation=\"none\" data-bg-overlay=\"false\"><div class=\"inner-wrap\"><div class=\"row-bg\"  style=\"\"><\/div><\/div><\/div><div class=\"row_col_wrap_12 col span_12 dark left\">\n\t<div  class=\"vc_col-sm-12 wpb_column column_container vc_column_container col centered-text no-extra-padding inherit_tablet inherit_phone\"  data-padding-pos=\"all\" data-has-bg-color=\"false\" data-bg-color=\"\" data-bg-opacity=\"1\" data-animation=\"\" data-delay=\"0\" >\n\t\t<div class=\"vc_column-inner\" >\n\t\t\t<div class=\"wpb_wrapper\">\n\t\t\t\t<h2 style=\"font-size: 52px;line-height: 52px;text-align: center\" class=\"vc_custom_heading HeadTitleCSS wpb_animate_when_almost_visible wpb_fadeInUp fadeInUp\" >RENCONTREZ NOTRE \u00c9QUIPE<\/h2><div id=\"fws_69ea3a2562faf\" data-midnight=\"\" data-column-margin=\"default\" class=\"wpb_row vc_row-fluid vc_row inner_row\"  style=\"\"><div class=\"row-bg-wrap\"> <div class=\"row-bg\" ><\/div> <\/div><div class=\"row_col_wrap_12_inner col span_12  left\">\n\t<div style=\"margin-top: 3%; \" class=\"vc_col-sm-12 wpb_column column_container vc_column_container col child_column has-animation no-extra-padding inherit_tablet inherit_phone\"   data-padding-pos=\"all\" data-has-bg-color=\"false\" data-bg-color=\"\" data-bg-opacity=\"1\" data-animation=\"fade-in\" data-delay=\"0\">\n\t\t<div class=\"vc_column-inner\" >\n\t\t<div class=\"wpb_wrapper\">\n\t\t\t\r\n<div class=\"wpb_text_column wpb_content_element\" >\r\n\t<div class=\"wpb_wrapper\">\r\n\t\t<p>Faites connaissance avec notre \u00e9quipe de sp\u00e9cialistes de l'emploi maritime, dont la mission est de veiller au respect de la l\u00e9gislation du travail et des exigences de l'UE en mati\u00e8re de s\u00e9curit\u00e9 sociale pour l'\u00e9quipage des yachts battant pavillon maltais.<\/p>\n<p>Forts de nos ann\u00e9es d'exp\u00e9rience et de notre connaissance approfondie du secteur, nous fournissons des conseils d'experts et une assistance 24 heures sur 24 et 7 jours sur 7. Soyez assur\u00e9 que notre \u00e9quipe est l\u00e0 pour vous aider \u00e0 r\u00e9pondre \u00e0 toutes vos questions ou pr\u00e9occupations, afin d'assurer la tranquillit\u00e9 d'esprit et le bon d\u00e9roulement des op\u00e9rations pour tous nos clients.<\/p>\n\t<\/div>\r\n<\/div>\r\n\r\n\r\n\r\n\n\t\t<\/div> \n\t<\/div>\n\t<\/div> \n<\/div><\/div><div id=\"fws_69ea3a2563165\" data-midnight=\"\" data-column-margin=\"default\" class=\"wpb_row vc_row-fluid vc_row inner_row  vc_row-o-equal-height vc_row-flex vc_row-o-content-middle\"  style=\"padding-top: 4%; \"><div class=\"row-bg-wrap\"> <div class=\"row-bg\" ><\/div> <\/div><div class=\"row_col_wrap_12_inner col span_12  left\">\n\t<div  class=\"vc_col-sm-4 wpb_column column_container vc_column_container col child_column has-animation no-extra-padding inherit_tablet inherit_phone\"   data-padding-pos=\"all\" data-has-bg-color=\"false\" data-bg-color=\"\" data-bg-opacity=\"1\" data-animation=\"grow-in\" data-delay=\"0\">\n\t\t<div class=\"vc_column-inner\" ><a class=\"column-link\" target=\"_self\" href=\"https:\/\/www.mmps.com.mt\/fr\/notre-equipe\/capt-francois-laffoucriere\/\"><\/a>\n\t\t<div class=\"wpb_wrapper\">\n\t\t\t<div class=\"team-member\" data-style=\"meta_below\"><img decoding=\"async\" alt=\"\" src=\"https:\/\/www.mmps.com.mt\/wp-content\/uploads\/2024\/04\/Francois-1-scaled-1.jpg\" title=\"Capitaine Fran\u00e7ois LAFFOUCRI\u00c8RE\" \/><h4 class=\"light\">Capitaine Fran\u00e7ois LAFFOUCRI\u00c8RE<\/h4><div class=\"position\">Directeur g\u00e9n\u00e9ral<\/div><p class=\"description\"><\/p><\/div>\n\t\t<\/div> \n\t<\/div>\n\t<\/div> \n\n\t<div  class=\"vc_col-sm-4 wpb_column column_container vc_column_container col child_column has-animation no-extra-padding inherit_tablet inherit_phone\"   data-padding-pos=\"all\" data-has-bg-color=\"false\" data-bg-color=\"\" data-bg-opacity=\"1\" data-animation=\"grow-in\" data-delay=\"0\">\n\t\t<div class=\"vc_column-inner\" ><a class=\"column-link\" target=\"_self\" href=\"https:\/\/www.mmps.com.mt\/fr\/notre-equipe\/malcolm-mifsud\/\"><\/a>\n\t\t<div class=\"wpb_wrapper\">\n\t\t\t<div class=\"team-member\" data-style=\"meta_below\"><img decoding=\"async\" alt=\"\" src=\"https:\/\/www.mmps.com.mt\/wp-content\/uploads\/2024\/06\/Malcolm-2-scaled.jpg\" title=\"Malcolm MIFSUD\" \/><h4 class=\"light\">Malcolm MIFSUD<\/h4><div class=\"position\">Directeur<\/div><p class=\"description\"><\/p><\/div>\n\t\t<\/div> \n\t<\/div>\n\t<\/div> \n\n\t<div  class=\"vc_col-sm-4 wpb_column column_container vc_column_container col child_column has-animation no-extra-padding inherit_tablet inherit_phone\"   data-padding-pos=\"all\" data-has-bg-color=\"false\" data-bg-color=\"\" data-bg-opacity=\"1\" data-animation=\"grow-in\" data-delay=\"0\">\n\t\t<div class=\"vc_column-inner\" ><a class=\"column-link\" target=\"_self\" href=\"https:\/\/www.mmps.com.mt\/fr\/notre-equipe\/cedric-mifsud\/\"><\/a>\n\t\t<div class=\"wpb_wrapper\">\n\t\t\t<div class=\"team-member\" data-style=\"meta_below\"><img decoding=\"async\" alt=\"\" src=\"https:\/\/www.mmps.com.mt\/wp-content\/uploads\/2024\/06\/Cedric-scaled.jpg\" title=\"C\u00e9dric MIFSUD\" \/><h4 class=\"light\">C\u00e9dric MIFSUD<\/h4><div class=\"position\">Directeur<\/div><p class=\"description\"><\/p><\/div>\n\t\t<\/div> \n\t<\/div>\n\t<\/div> \n<\/div><\/div><div id=\"fws_69ea3a2563c99\" data-midnight=\"\" data-column-margin=\"default\" class=\"wpb_row vc_row-fluid vc_row inner_row  vc_row-o-equal-height vc_row-flex vc_row-o-content-middle\"  style=\"padding-top: 4%; \"><div class=\"row-bg-wrap\"> <div class=\"row-bg\" ><\/div> <\/div><div class=\"row_col_wrap_12_inner col span_12  left\">\n\t<div  class=\"vc_col-sm-4 wpb_column column_container vc_column_container col child_column has-animation no-extra-padding inherit_tablet inherit_phone\"   data-padding-pos=\"all\" data-has-bg-color=\"false\" data-bg-color=\"\" data-bg-opacity=\"1\" data-animation=\"grow-in\" data-delay=\"0\">\n\t\t<div class=\"vc_column-inner\" ><a class=\"column-link\" target=\"_self\" href=\"https:\/\/www.mmps.com.mt\/fr\/notre-equipe\/natalie-ellis\/\"><\/a>\n\t\t<div class=\"wpb_wrapper\">\n\t\t\t<div class=\"team-member\" data-style=\"meta_below\"><img decoding=\"async\" alt=\"\" src=\"https:\/\/www.mmps.com.mt\/wp-content\/uploads\/2024\/06\/Moufida.png\" title=\"Moufida SULLIVAN\" \/><h4 class=\"light\">Moufida SULLIVAN<\/h4><div class=\"position\">Directeur<\/div><p class=\"description\"><\/p><\/div>\n\t\t<\/div> \n\t<\/div>\n\t<\/div> \n\n\t<div  class=\"vc_col-sm-4 wpb_column column_container vc_column_container col child_column has-animation no-extra-padding inherit_tablet inherit_phone\"   data-padding-pos=\"all\" data-has-bg-color=\"false\" data-bg-color=\"\" data-bg-opacity=\"1\" data-animation=\"grow-in\" data-delay=\"0\">\n\t\t<div class=\"vc_column-inner\" ><a class=\"column-link\" target=\"_self\" href=\"https:\/\/www.mmps.com.mt\/fr\/notre-equipe\/natalie-ellis\/\"><\/a>\n\t\t<div class=\"wpb_wrapper\">\n\t\t\t<div class=\"team-member\" data-style=\"meta_below\"><img decoding=\"async\" alt=\"\" src=\"https:\/\/www.mmps.com.mt\/wp-content\/uploads\/2025\/09\/Mark2.jpg\" title=\"Mark DARMANIN KISSAUN\" \/><h4 class=\"light\">Mark DARMANIN KISSAUN<\/h4><div class=\"position\">Directeur<\/div><p class=\"description\"><\/p><\/div>\n\t\t<\/div> \n\t<\/div>\n\t<\/div> \n\n\t<div  class=\"vc_col-sm-4 wpb_column column_container vc_column_container col child_column has-animation no-extra-padding inherit_tablet inherit_phone\"   data-padding-pos=\"all\" data-has-bg-color=\"false\" data-bg-color=\"\" data-bg-opacity=\"1\" data-animation=\"grow-in\" data-delay=\"0\">\n\t\t<div class=\"vc_column-inner\" ><a class=\"column-link\" target=\"_self\" href=\"https:\/\/www.mmps.com.mt\/fr\/notre-equipe\/natalie-ellis\/\"><\/a>\n\t\t<div class=\"wpb_wrapper\">\n\t\t\t<div class=\"team-member\" data-style=\"meta_below\"><img decoding=\"async\" alt=\"\" src=\"https:\/\/www.mmps.com.mt\/wp-content\/uploads\/2023\/09\/Natalie-1-scaled.jpg\" title=\"Natalie ELLIS\" \/><h4 class=\"light\">Natalie ELLIS<\/h4><div class=\"position\">Gestionnaire administratif<\/div><p class=\"description\"><\/p><\/div>\n\t\t<\/div> \n\t<\/div>\n\t<\/div> \n<\/div><\/div><div id=\"fws_69ea3a256442c\" data-midnight=\"\" data-column-margin=\"default\" class=\"wpb_row vc_row-fluid vc_row inner_row\"  style=\"\"><div class=\"row-bg-wrap\"> <div class=\"row-bg\" ><\/div> <\/div><div class=\"row_col_wrap_12_inner col span_12  left\">\n\t<div  class=\"vc_col-sm-4 wpb_column column_container vc_column_container col child_column has-animation no-extra-padding inherit_tablet inherit_phone\"   data-padding-pos=\"all\" data-has-bg-color=\"false\" data-bg-color=\"\" data-bg-opacity=\"1\" data-animation=\"grow-in\" data-delay=\"0\">\n\t\t<div class=\"vc_column-inner\" ><a class=\"column-link\" target=\"_self\" href=\"https:\/\/www.mmps.com.mt\/fr\/notre-equipe\/frederico-veiga\/\"><\/a>\n\t\t<div class=\"wpb_wrapper\">\n\t\t\t<div class=\"team-member\" data-style=\"meta_below\"><img decoding=\"async\" alt=\"\" src=\"https:\/\/www.mmps.com.mt\/wp-content\/uploads\/2023\/09\/Frederico-1-scaled.jpg\" title=\"Frederico VEIGA\" \/><h4 class=\"light\">Frederico VEIGA<\/h4><div class=\"position\">Assistant(e) administratif(ve)<\/div><p class=\"description\"><\/p><\/div>\n\t\t<\/div> \n\t<\/div>\n\t<\/div> \n\n\t<div  class=\"vc_col-sm-4 wpb_column column_container vc_column_container col child_column has-animation no-extra-padding inherit_tablet inherit_phone\"   data-padding-pos=\"all\" data-has-bg-color=\"false\" data-bg-color=\"\" data-bg-opacity=\"1\" data-animation=\"grow-in\" data-delay=\"0\">\n\t\t<div class=\"vc_column-inner\" ><a class=\"column-link\" target=\"_self\" href=\"https:\/\/www.mmps.com.mt\/fr\/notre-equipe\/svetla-ivanova\/\"><\/a>\n\t\t<div class=\"wpb_wrapper\">\n\t\t\t<div class=\"team-member\" data-style=\"meta_below\"><img decoding=\"async\" alt=\"\" src=\"https:\/\/www.mmps.com.mt\/wp-content\/uploads\/2023\/09\/Svetla-4-scaled.jpg\" title=\"Svetla IVANOVA\" \/><h4 class=\"light\">Svetla IVANOVA<\/h4><div class=\"position\">Assistant(e) administratif(ve)<\/div><p class=\"description\"><\/p><\/div>\n\t\t<\/div> \n\t<\/div>\n\t<\/div> \n\n\t<div  class=\"vc_col-sm-4 wpb_column column_container vc_column_container col child_column no-extra-padding inherit_tablet inherit_phone\"   data-padding-pos=\"all\" data-has-bg-color=\"false\" data-bg-color=\"\" data-bg-opacity=\"1\" data-animation=\"\" data-delay=\"0\">\n\t\t<div class=\"vc_column-inner\" >\n\t\t<div class=\"wpb_wrapper\">\n\t\t\t\n\t\t<\/div> \n\t<\/div>\n\t<\/div> \n<\/div><\/div>\n\t\t\t<\/div> \n\t\t<\/div>\n\t<\/div> \n<\/div><\/div>","protected":false},"excerpt":{"rendered":"NOTRE \u00c9QUIPE RENCONTREZ NOTRE \u00c9QUIPE Rencontrez notre \u00e9quipe professionnelle de sp\u00e9cialistes de l'emploi maritime, dont la mission est de veiller au respect de la l\u00e9gislation du travail et des exigences de l'UE en mati\u00e8re de s\u00e9curit\u00e9 sociale...","protected":false},"author":1,"featured_media":0,"parent":0,"menu_order":0,"comment_status":"closed","ping_status":"closed","template":"","meta":{"_editorskit_title_hidden":false,"_editorskit_reading_time":0,"_editorskit_is_block_options_detached":false,"_editorskit_block_options_position":"{}","footnotes":""},"aioseo_notices":[],"_links":{"self":[{"href":"https:\/\/www.mmps.com.mt\/fr\/wp-json\/wp\/v2\/pages\/7142"}],"collection":[{"href":"https:\/\/www.mmps.com.mt\/fr\/wp-json\/wp\/v2\/pages"}],"about":[{"href":"https:\/\/www.mmps.com.mt\/fr\/wp-json\/wp\/v2\/types\/page"}],"author":[{"embeddable":true,"href":"https:\/\/www.mmps.com.mt\/fr\/wp-json\/wp\/v2\/users\/1"}],"replies":[{"embeddable":true,"href":"https:\/\/www.mmps.com.mt\/fr\/wp-json\/wp\/v2\/comments?post=7142"}],"version-history":[{"count":175,"href":"https:\/\/www.mmps.com.mt\/fr\/wp-json\/wp\/v2\/pages\/7142\/revisions"}],"predecessor-version":[{"id":11982,"href":"https:\/\/www.mmps.com.mt\/fr\/wp-json\/wp\/v2\/pages\/7142\/revisions\/11982"}],"wp:attachment":[{"href":"https:\/\/www.mmps.com.mt\/fr\/wp-json\/wp\/v2\/media?parent=7142"}],"curies":[{"name":"wp","href":"https:\/\/api.w.org\/{rel}","templated":true}]}}