{"id":5761,"date":"2017-09-03T02:41:49","date_gmt":"2017-09-03T02:41:49","guid":{"rendered":"http:\/\/themenectar.com\/demo\/salient-corporate-creative\/?page_id=5761"},"modified":"2024-11-25T10:44:48","modified_gmt":"2024-11-25T10:44:48","slug":"aegis-malta","status":"publish","type":"page","link":"https:\/\/www.mmps.com.mt\/fr\/","title":{"rendered":"Accueil"},"content":{"rendered":"<div id=\"video-section\"  data-column-margin=\"default\" data-midnight=\"light\"  class=\"wpb_row vc_row-fluid vc_row full-width-section vc_row-o-full-height vc_row-o-columns-middle vc_row-o-equal-height vc_row-flex\"  style=\"padding-top: 0px; padding-bottom: 0px; \"><div class=\"row-bg-wrap\" data-bg-animation=\"none\" data-bg-overlay=\"true\"><div class=\"inner-wrap\"><div class=\"row-bg\"  style=\"\"><\/div><\/div><div class=\"row-bg-overlay\" style=\"background: linear-gradient(to bottom,rgba(14,50,73,0.66) 0%,rgba(255,255,255,0.001) 75%);  opacity: 0.3; \"><\/div><\/div>\r\n\t\t\t<div class=\"video-color-overlay\" data-color=\"\"><\/div>\r\n      \r\n\t\t\t<div class=\"nectar-video-wrap\" data-bg-alignment=\"\">\r\n\t\t\t\t<div class=\"nectar-video-inner\">\r\n        <video class=\"nectar-video-bg\" width=\"1800\" height=\"700\" preload=\"auto\" loop autoplay muted playsinline><source src=\"\/wp-content\/uploads\/2024\/03\/home-video-2.mp4\"  type=\"video\/mp4\"><\/video>    \t\t<\/div>\r\n\t\t\t <\/div>\r\n\r\n\t\t\t<div class=\"nectar-shape-divider-wrap no-color\" style=\" height:200px;\"  data-height=\"200px\" data-front=\"true\" data-style=\"curve_opacity\" data-position=\"bottom\" ><svg class=\"nectar-shape-divider\" fill=\"\" xmlns=\"http:\/\/www.w3.org\/2000\/svg\" viewbox=\"0 0 1000 100\" preserveaspectratio=\"none\"> <path d=\"M 0 14 s 88.64 3.48 300 36 c 260 40 514 27 703 -10 l 12 28 l 3 36 h -1018 z\"><\/path> <path d=\"M 0 45 s 271 45.13 500 32 c 157 -9 330 -47 515 -63 v 86 h -1015 z\"><\/path> <path d=\"M 0 58 s 188.29 32 508 32 c 290 0 494 -35 494 -35 v 45 h -1002 z\"><\/path> <\/svg><\/div><div class=\"row_col_wrap_12 col span_12 light center\">\n\t<div  class=\"vc_col-sm-12 wpb_column column_container vc_column_container col no-extra-padding inherit_tablet inherit_phone\"  data-padding-pos=\"all\" data-has-bg-color=\"false\" data-bg-color=\"\" data-bg-opacity=\"1\" data-animation=\"\" data-delay=\"0\" >\n\t\t<div class=\"vc_column-inner\" >\n\t\t\t<div class=\"wpb_wrapper\">\n\t\t\t\t<h1 style=\"font-size: 65px;line-height: 1;text-align: center;font-family:Quattrocento;font-weight:400;font-style:normal\" class=\"vc_custom_heading HomeHeading wpb_animate_when_almost_visible wpb_fadeIn fadeIn\" >Des services rentables pour l'emploi et la r\u00e9mun\u00e9ration des \u00e9quipages<\/h1>\n\t\t\t<\/div> \n\t\t<\/div>\n\t<\/div> \n<\/div><\/div>\r\n\t\t<div id=\"fws_69ea25d8751b7\"  data-column-margin=\"default\" data-midnight=\"dark\" data-top-percent=\"6%\" data-bottom-percent=\"6%\"  class=\"wpb_row vc_row-fluid vc_row full-width-section   top_padding_tablet_8pct bottom_padding_tablet_8pct right_padding_phone_0px left_padding_phone_0px\"  style=\"padding-top: calc(100vw * 0.06); padding-bottom: calc(100vw * 0.06); \"><div class=\"row-bg-wrap\" data-bg-animation=\"none\" data-bg-overlay=\"false\"><div class=\"inner-wrap\"><div class=\"row-bg\"  style=\"\"><\/div><\/div><\/div><div class=\"row_col_wrap_12 col span_12 dark left\">\n\t<div  class=\"vc_col-sm-12 wpb_column column_container vc_column_container col no-extra-padding inherit_tablet inherit_phone\"  data-padding-pos=\"all\" data-has-bg-color=\"false\" data-bg-color=\"\" data-bg-opacity=\"1\" data-animation=\"\" data-delay=\"0\" >\n\t\t<div class=\"vc_column-inner\" >\n\t\t\t<div class=\"wpb_wrapper\">\n\t\t\t\t<div id=\"fws_69ea25d875304\" data-midnight=\"\" data-column-margin=\"default\" class=\"wpb_row vc_row-fluid vc_row inner_row  vc_row-o-equal-height vc_row-flex vc_row-o-content-middle  reverse_columns_column_tablet reverse_columns_column_phone\"  style=\"\"><div class=\"row-bg-wrap\"> <div class=\"row-bg\" ><\/div> <\/div><div class=\"row_col_wrap_12_inner col span_12  left\">\n\t<div style=\"margin-top: 6%; \" class=\"vc_col-sm-6 TopContentHeadCSS wpb_column column_container vc_column_container col child_column no-extra-padding top_margin_tablet_0px top_margin_phone_4pct inherit_tablet no-extra-padding_phone\"   data-padding-pos=\"all\" data-has-bg-color=\"false\" data-bg-color=\"\" data-bg-opacity=\"1\" data-animation=\"\" data-delay=\"0\">\n\t\t<div class=\"vc_column-inner\" >\n\t\t<div class=\"wpb_wrapper\">\n\t\t\t<div class=\"nectar-split-heading\" data-align=\"default\" data-m-align=\"inherit\" data-animation-type=\"line-reveal-by-space\" data-animation-delay=\"0\" data-m-rm-animation=\"\" data-stagger=\"true\" data-custom-font-size=\"false\" ><h2 style=\"max-width: 550px;\">A PROPOS DE MMPS Limited<\/h2><\/div>\r\n<div class=\"wpb_text_column wpb_content_element\" style=\" max-width: 550px; display: inline-block;\">\r\n\t<div class=\"wpb_wrapper\">\r\n\t\t<p>En tant que propri\u00e9taire de navire<b>,<\/b>\u00a0En tant qu'op\u00e9rateur ou capitaine, responsable des membres de l'\u00e9quipage, vous devez \u00eatre conscient de certaines questions.<\/p>\n<p>Un \u00e9l\u00e9ment cl\u00e9 de la convention du travail maritime est que les employeurs de gens de mer seront soumis \u00e0 des inspections p\u00e9riodiques pour garantir le respect de la convention. En cons\u00e9quence, il est imp\u00e9ratif que l'emploi des membres d'\u00e9quipage se fasse dans le respect total de la CTM et des exigences l\u00e9gales.<\/p>\n<p>Le r\u00e8glement CE\/883\/2004 de l'UE, qui r\u00e9git notamment les cotisations de s\u00e9curit\u00e9 sociale des marins employ\u00e9s sur des yachts battant pavillon de l'UE, exige que les marins r\u00e9sidant dans l'UE\/l'EEE\/la Suisse (citoyens ou non) employ\u00e9s sur un yacht battant pavillon de l'UE soient assur\u00e9s conform\u00e9ment \u00e0 la l\u00e9gislation de l'\u00c9tat du pavillon de l'UE, et dans cet \u00c9tat.<\/p>\n<p>La seule exception r\u00e9side dans le cas o\u00f9 l'employeur et l'employ\u00e9 r\u00e9sident dans le m\u00eame \u00c9tat membre ; dans ce cas, le marin doit \u00eatre affili\u00e9 \u00e0 la s\u00e9curit\u00e9 sociale dans cet \u00c9tat.<\/p>\n\t<\/div>\r\n<\/div>\r\n\r\n\r\n\r\n<div class=\"nectar-cta  alignment_tablet_default alignment_phone_default\" data-color=\"default\" data-using-bg=\"false\" data-style=\"see-through\" data-display=\"block\" data-alignment=\"left\" data-text-color=\"custom\" ><span style=\"color: #ffffff;\" class=\"nectar-button-type\"> <span class=\"text\">Lire la suite <\/span><span class=\"link_wrap\" ><a  class=\"link_text\" href=\"https:\/\/www.mmps.com.mt\/fr\/a-propos\/\"><span class=\"arrow\"><\/span><\/a><\/span><\/span><\/div>\n\t\t<\/div> \n\t<\/div>\n\t<\/div> \n\n\t<div  class=\"vc_col-sm-6 wpb_column column_container vc_column_container col child_column padding-4-percent no-extra-padding_tablet no-extra-padding_phone\"   data-padding-pos=\"left\" data-has-bg-color=\"false\" data-bg-color=\"\" data-bg-opacity=\"1\" data-animation=\"\" data-delay=\"0\">\n\t\t<div class=\"vc_column-inner\" >\n\t\t<div class=\"wpb_wrapper\">\n\t\t\t<div class=\"img-with-aniamtion-wrap\" data-max-width=\"100%\" data-max-width-mobile=\"default\" data-shadow=\"none\" data-animation=\"fade-in\" >\r\n      <div class=\"inner\">\r\n        <div class=\"hover-wrap\" data-hover-animation=\"zoom\"> \r\n          <div class=\"hover-wrap-inner\">\r\n            <img loading=\"lazy\" decoding=\"async\" class=\"img-with-animation skip-lazy\" data-delay=\"0\" height=\"2560\" width=\"1951\" data-animation=\"fade-in\" src=\"https:\/\/www.mmps.com.mt\/wp-content\/uploads\/2024\/04\/damian-barczak-p-GrqI8OSqI-unsplash-scaled.jpg\" alt=\"\" srcset=\"https:\/\/www.mmps.com.mt\/wp-content\/uploads\/2024\/04\/damian-barczak-p-GrqI8OSqI-unsplash-scaled.jpg 1951w, https:\/\/www.mmps.com.mt\/wp-content\/uploads\/2024\/04\/damian-barczak-p-GrqI8OSqI-unsplash-229x300.jpg 229w, https:\/\/www.mmps.com.mt\/wp-content\/uploads\/2024\/04\/damian-barczak-p-GrqI8OSqI-unsplash-780x1024.jpg 780w, https:\/\/www.mmps.com.mt\/wp-content\/uploads\/2024\/04\/damian-barczak-p-GrqI8OSqI-unsplash-768x1008.jpg 768w, https:\/\/www.mmps.com.mt\/wp-content\/uploads\/2024\/04\/damian-barczak-p-GrqI8OSqI-unsplash-1171x1536.jpg 1171w, https:\/\/www.mmps.com.mt\/wp-content\/uploads\/2024\/04\/damian-barczak-p-GrqI8OSqI-unsplash-1561x2048.jpg 1561w, https:\/\/www.mmps.com.mt\/wp-content\/uploads\/2024\/04\/damian-barczak-p-GrqI8OSqI-unsplash-9x12.jpg 9w\" sizes=\"(min-width: 1450px) 75vw, (min-width: 1000px) 85vw, 100vw\" \/>\r\n          <\/div>\r\n        <\/div>\r\n      <\/div>\r\n    <\/div>\n\t\t<\/div> \n\t<\/div>\n\t<\/div> \n<\/div><\/div>\n\t\t\t<\/div> \n\t\t<\/div>\n\t<\/div> \n<\/div><\/div>\r\n\t\t<div id=\"fws_69ea25d875c85\"  data-column-margin=\"default\" data-midnight=\"dark\" data-top-percent=\"6%\" data-bottom-percent=\"6%\"  class=\"wpb_row vc_row-fluid vc_row full-width-section  vc_row-o-equal-height vc_row-flex  vc_row-o-content-middle  HeadTitleCSS\"  style=\"padding-top: calc(100vw * 0.06); padding-bottom: calc(100vw * 0.06); \"><div class=\"row-bg-wrap\" data-bg-animation=\"none\" data-bg-overlay=\"true\"><div class=\"inner-wrap using-image\"><div class=\"row-bg using-image\"  style=\"background-image: url(https:\/\/www.mmps.com.mt\/wp-content\/uploads\/2023\/08\/nastuh-abootalebi-yWwob8kwOCk-unsplash.jpg); background-position: center center; background-repeat: no-repeat; \"><\/div><\/div><div class=\"row-bg-overlay\" style=\"background-color:rgba(67,94,140,0.9);  opacity: 1; \"><\/div><\/div><div class=\"row_col_wrap_12 col span_12 dark left\">\n\t<div  class=\"vc_col-sm-12 HeadingTitleCSS wpb_column column_container vc_column_container col no-extra-padding inherit_tablet inherit_phone\"  data-padding-pos=\"all\" data-has-bg-color=\"false\" data-bg-color=\"\" data-bg-opacity=\"1\" data-animation=\"\" data-delay=\"0\" >\n\t\t<div class=\"vc_column-inner\" >\n\t\t\t<div class=\"wpb_wrapper\">\n\t\t\t\t<div id=\"fws_69ea25d875d61\" data-midnight=\"\" data-column-margin=\"default\" class=\"wpb_row vc_row-fluid vc_row inner_row\"  style=\"\"><div class=\"row-bg-wrap\"> <div class=\"row-bg\" ><\/div> <\/div><div class=\"row_col_wrap_12_inner col span_12  left\">\n\t<div  class=\"vc_col-sm-2 wpb_column column_container vc_column_container col child_column no-extra-padding inherit_tablet inherit_phone\"   data-padding-pos=\"all\" data-has-bg-color=\"false\" data-bg-color=\"\" data-bg-opacity=\"1\" data-animation=\"\" data-delay=\"0\">\n\t\t<div class=\"vc_column-inner\" >\n\t\t<div class=\"wpb_wrapper\">\n\t\t\t\n\t\t<\/div> \n\t<\/div>\n\t<\/div> \n\n\t<div  class=\"vc_col-sm-8 HeadingTitleCSS wpb_column column_container vc_column_container col child_column centered-text has-animation padding-2-percent inherit_tablet inherit_phone\"   data-padding-pos=\"left-right\" data-has-bg-color=\"false\" data-bg-color=\"\" data-bg-opacity=\"1\" data-animation=\"fade-in\" data-delay=\"0\">\n\t\t<div class=\"vc_column-inner\" >\n\t\t<div class=\"wpb_wrapper\">\n\t\t\t<h2 style=\"font-size: 52px;line-height: 52px;text-align: center\" class=\"vc_custom_heading wpb_animate_when_almost_visible wpb_fadeInUp fadeInUp\" >RENCONTREZ NOTRE \u00c9QUIPE<\/h2><div class=\"divider-wrap\" data-alignment=\"default\"><div style=\"height: 10px;\" class=\"divider\"><\/div><\/div><h5 style=\"color: rgba(255,255,255,0.7);text-align: center\" class=\"vc_custom_heading wpb_animate_when_almost_visible wpb_fadeInUp fadeInUp vc_custom_1693168024594\" >Nous conna\u00eetre<\/h5><div class=\"divider-wrap\" data-alignment=\"default\"><div style=\"height: 30px;\" class=\"divider\"><\/div><\/div><a class=\"nectar-button large see-through accent-color has-icon\"  style=\"border-color: #ffffff; color: #ffffff;\"  href=\"https:\/\/www.mmps.com.mt\/fr\/notre-equipe\/\" data-color-override=\"#ffffff\" data-hover-color-override=\"false\" data-hover-text-color-override=\"#fff\"><span>NOTRE \u00c9QUIPE<\/span><i  class=\"icon-button-arrow\"><\/i><\/a>\n\t\t<\/div> \n\t<\/div>\n\t<\/div> \n\n\t<div  class=\"vc_col-sm-2 wpb_column column_container vc_column_container col child_column no-extra-padding inherit_tablet inherit_phone\"   data-padding-pos=\"all\" data-has-bg-color=\"false\" data-bg-color=\"\" data-bg-opacity=\"1\" data-animation=\"\" data-delay=\"0\">\n\t\t<div class=\"vc_column-inner\" >\n\t\t<div class=\"wpb_wrapper\">\n\t\t\t\n\t\t<\/div> \n\t<\/div>\n\t<\/div> \n<\/div><\/div>\n\t\t\t<\/div> \n\t\t<\/div>\n\t<\/div> \n<\/div><\/div>\r\n\t\t<div id=\"fws_69ea25d87618f\"  data-column-margin=\"default\" data-midnight=\"dark\" data-top-percent=\"8%\" data-bottom-percent=\"3%\"  class=\"wpb_row vc_row-fluid vc_row full-width-section  vc_row-o-equal-height vc_row-flex  vc_row-o-content-middle  HeadTitleCSS\"  style=\"padding-top: calc(100vw * 0.08); padding-bottom: calc(100vw * 0.03); \"><div class=\"row-bg-wrap\" data-bg-animation=\"none\" data-bg-overlay=\"false\"><div class=\"inner-wrap\"><div class=\"row-bg\"  style=\"\"><\/div><\/div><\/div><div class=\"row_col_wrap_12 col span_12 dark center\">\n\t<div  class=\"vc_col-sm-12 vc_col-xs-12 HeadingTitleCSS wpb_column column_container vc_column_container col padding-2-percent inherit_tablet inherit_phone\"  data-padding-pos=\"top-bottom\" data-has-bg-color=\"false\" data-bg-color=\"\" data-bg-opacity=\"1\" data-animation=\"\" data-delay=\"0\" >\n\t\t<div class=\"vc_column-inner\" >\n\t\t\t<div class=\"wpb_wrapper\">\n\t\t\t\t<div id=\"fws_69ea25d87626d\" data-midnight=\"\" data-column-margin=\"default\" class=\"wpb_row vc_row-fluid vc_row inner_row\"  style=\"\"><div class=\"row-bg-wrap\"> <div class=\"row-bg\" ><\/div> <\/div><div class=\"row_col_wrap_12_inner col span_12  left\">\n\t<div  class=\"vc_col-sm-12 HeadingTitleCSS wpb_column column_container vc_column_container col child_column has-animation no-extra-padding inherit_tablet inherit_phone\"   data-padding-pos=\"all\" data-has-bg-color=\"false\" data-bg-color=\"\" data-bg-opacity=\"1\" data-animation=\"fade-in-from-bottom\" data-delay=\"0\">\n\t\t<div class=\"vc_column-inner\" >\n\t\t<div class=\"wpb_wrapper\">\n\t\t\t<h2 style=\"font-size: 52px;color: #ffffff;line-height: 57px;text-align: center\" class=\"vc_custom_heading\" >CREW SERVICES<\/h2>\n\t\t<\/div> \n\t<\/div>\n\t<\/div> \n<\/div><\/div><div class=\"divider-wrap\" data-alignment=\"default\"><div style=\"height: 10px;\" class=\"divider\"><\/div><\/div><h5 style=\"color: rgba(255,255,255,0.7);text-align: center\" class=\"vc_custom_heading wpb_animate_when_almost_visible wpb_fadeInUp fadeInUp vc_custom_1694679647673\" >Des services juridiques complets adapt\u00e9s \u00e0 vos besoins<\/h5><div class=\"divider-wrap\" data-alignment=\"default\"><div style=\"height: 30px;\" class=\"divider\"><\/div><\/div><div class=\"nectar-flickity not-initialized nectar-carousel\" data-centered-cells=\"false\" data-touch-icon-color=\"default\" data-control-color=\"default\" data-overflow=\"visible\" data-r-bottom-total=\"true\" data-drag-scale=\"true\" data-wrap=\"no-wrap\" data-spacing=\"20px\" data-controls=\"touch_total\" data-pagination-alignment=\"default\" data-adaptive-height=\"\" data-border-radius=\"none\" data-column-border=\"\" data-column-padding=\"0\" data-format=\"default\" data-autoplay=\"\" data-autoplay-dur=\"5000\" data-control-style=\"material_pagination\" data-desktop-columns=\"4\" data-small-desktop-columns=\"3\" data-tablet-columns=\"2\" data-column-color=\"\"><div class=\"flickity-viewport\"> <div class=\"flickity-slider\"><div class=\"cell\"><div class=\"inner-wrap-outer\"><div class=\"inner-wrap\" ><div class=\"nectar-fancy-box style-5 using-img  min_height_tablet_275px min_height_phone_255px\" data-align=\"middle\" data-overlay-opacity=\"0.6\" data-overlay-opacity-hover=\"0.2\" data-style=\"parallax_hover\" data-border-radius=\"default\" data-animation=\"\" data-delay=\"\" data-color=\"accent-color\"><a  href=\"https:\/\/www.mmps.com.mt\/fr\/services-aux-equipages\/services-de-paie\/\" class=\"box-link\"><\/a><div class=\"parallaxImg\"><div class=\"parallaxImg-layer\" data-img=\"https:\/\/www.mmps.com.mt\/wp-content\/uploads\/2023\/08\/alessandra-caretto-rBCvqt2NFUc-unsplash-scaled.jpg\"><\/div><div class=\"parallaxImg-layer\"> <div class=\"meta-wrap\" style=\"min-height: 300px\"><div class=\"inner\">\n<h3>Services de paie<\/h3>\n<\/div> <\/div><\/div><\/div><\/div><\/div><\/div><\/div><div class=\"cell\"><div class=\"inner-wrap-outer\"><div class=\"inner-wrap\" ><div class=\"nectar-fancy-box style-5 using-img  min_height_tablet_275px min_height_phone_255px\" data-align=\"middle\" data-overlay-opacity=\"0.6\" data-overlay-opacity-hover=\"0.2\" data-style=\"parallax_hover\" data-border-radius=\"default\" data-animation=\"\" data-delay=\"\" data-color=\"accent-color\"><a  href=\"https:\/\/www.mmps.com.mt\/fr\/services-aux-equipages\/emploi-direct\/\" class=\"box-link\"><\/a><div class=\"parallaxImg\"><div class=\"parallaxImg-layer\" data-img=\"https:\/\/www.mmps.com.mt\/wp-content\/uploads\/2024\/06\/matthew-henry-VviFtDJakYk-unsplash-scaled.jpg\"><\/div><div class=\"parallaxImg-layer\"> <div class=\"meta-wrap\" style=\"min-height: 300px\"><div class=\"inner\">\n<h3>Emploi direct<\/h3>\n<\/div> <\/div><\/div><\/div><\/div><\/div><\/div><\/div><div class=\"cell\"><div class=\"inner-wrap-outer\"><div class=\"inner-wrap\" ><div class=\"nectar-fancy-box style-5 using-img  min_height_tablet_275px min_height_phone_255px\" data-align=\"middle\" data-overlay-opacity=\"0.6\" data-overlay-opacity-hover=\"0.2\" data-style=\"parallax_hover\" data-border-radius=\"default\" data-animation=\"\" data-delay=\"\" data-color=\"accent-color\"><a  href=\"https:\/\/www.mmps.com.mt\/fr\/services-aux-equipages\/les-cotisations-de-securite-sociale\/\" class=\"box-link\"><\/a><div class=\"parallaxImg\"><div class=\"parallaxImg-layer\" data-img=\"https:\/\/www.mmps.com.mt\/wp-content\/uploads\/2023\/02\/scott-graham-OQMZwNd3ThU-unsplash-scaled.jpg\"><\/div><div class=\"parallaxImg-layer\"> <div class=\"meta-wrap\" style=\"min-height: 300px\"><div class=\"inner\">\n<h3>Cotisations de s\u00e9curit\u00e9 sociale<\/h3>\n<\/div> <\/div><\/div><\/div><\/div><\/div><\/div><\/div><div class=\"cell\"><div class=\"inner-wrap-outer\"><div class=\"inner-wrap\" ><div class=\"nectar-fancy-box style-5 using-img  min_height_tablet_275px min_height_phone_255px\" data-align=\"middle\" data-overlay-opacity=\"0.6\" data-overlay-opacity-hover=\"0.2\" data-style=\"parallax_hover\" data-border-radius=\"default\" data-animation=\"\" data-delay=\"\" data-color=\"accent-color\"><a  href=\"https:\/\/www.mmps.com.mt\/fr\/services-aux-equipages\/salaires\/\" class=\"box-link\"><\/a><div class=\"parallaxImg\"><div class=\"parallaxImg-layer\" data-img=\"https:\/\/www.mmps.com.mt\/wp-content\/uploads\/2023\/02\/636129888070012046_Coinsandcopyspace000008496953Medium.jpg\"><\/div><div class=\"parallaxImg-layer\"> <div class=\"meta-wrap\" style=\"min-height: 300px\"><div class=\"inner\">\n<h3>Salaires<\/h3>\n<\/div> <\/div><\/div><\/div><\/div><\/div><\/div><\/div><div class=\"cell\"><div class=\"inner-wrap-outer\"><div class=\"inner-wrap\" ><div class=\"nectar-fancy-box style-5 using-img  min_height_tablet_275px min_height_phone_255px\" data-align=\"middle\" data-overlay-opacity=\"0.6\" data-overlay-opacity-hover=\"0.2\" data-style=\"parallax_hover\" data-border-radius=\"default\" data-animation=\"\" data-delay=\"\" data-color=\"accent-color\"><a  href=\"https:\/\/www.mmps.com.mt\/fr\/services-aux-equipages\/legislation-du-travail\/\" class=\"box-link\"><\/a><div class=\"parallaxImg\"><div class=\"parallaxImg-layer\" data-img=\"https:\/\/www.mmps.com.mt\/wp-content\/uploads\/2023\/08\/clarisse-meyer-jKU2NneZAbI-unsplash-1-scaled.jpg\"><\/div><div class=\"parallaxImg-layer\"> <div class=\"meta-wrap\" style=\"min-height: 300px\"><div class=\"inner\">\n<h3>L\u00e9gislation sur l'emploi<\/h3>\n<\/div> <\/div><\/div><\/div><\/div><\/div><\/div><\/div><\/div><\/div><\/div>\n\t\t\t<\/div> \n\t\t<\/div>\n\t<\/div> \n<\/div><\/div>\r\n\t\t<div id=\"fws_69ea25d87737e\"  data-column-margin=\"default\" data-midnight=\"light\"  class=\"wpb_row vc_row-fluid vc_row full-width-section  vc_row-o-equal-height vc_row-flex  vc_row-o-content-middle  CTAHeadingCSS\"  style=\"padding-top: 100px; padding-bottom: 100px; \"><div class=\"row-bg-wrap\" data-bg-animation=\"none\" data-bg-overlay=\"true\"><div class=\"inner-wrap\"><div class=\"row-bg using-bg-color\"  style=\"background-color: #293e5b; \"><\/div><\/div><div class=\"row-bg-overlay\" style=\"background: #293e5b; background: linear-gradient(45deg,#293e5b 0%,#30394a 100%);  opacity: 0.8; \"><\/div><\/div><div class=\"nectar-shape-divider-wrap\" style=\" height:100%;\" data-using-percent-val=\"true\" data-height=\"100%\" data-front=\"\" data-style=\"curve_opacity\" data-position=\"top\" ><svg class=\"nectar-shape-divider\" fill=\"rgba(41,62,91,0.24)\" xmlns=\"http:\/\/www.w3.org\/2000\/svg\" viewbox=\"0 0 1000 100\" preserveaspectratio=\"none\"> <path d=\"M 0 14 s 88.64 3.48 300 36 c 260 40 514 27 703 -10 l 12 28 l 3 36 h -1018 z\"><\/path> <path d=\"M 0 45 s 271 45.13 500 32 c 157 -9 330 -47 515 -63 v 86 h -1015 z\"><\/path> <path d=\"M 0 58 s 188.29 32 508 32 c 290 0 494 -35 494 -35 v 45 h -1002 z\"><\/path> <\/svg><\/div><div class=\"row_col_wrap_12 col span_12 light left\">\n\t<div  class=\"vc_col-sm-12 wpb_column column_container vc_column_container col force-tablet-text-align-center force-phone-text-align-center no-extra-padding inherit_tablet inherit_phone\"  data-padding-pos=\"all\" data-has-bg-color=\"false\" data-bg-color=\"\" data-bg-opacity=\"1\" data-animation=\"\" data-delay=\"0\" >\n\t\t<div class=\"vc_column-inner\" >\n\t\t\t<div class=\"wpb_wrapper\">\n\t\t\t\t<div class=\"nectar-split-heading\" data-align=\"default\" data-m-align=\"inherit\" data-animation-type=\"line-reveal-by-space\" data-animation-delay=\"0\" data-m-rm-animation=\"\" data-stagger=\"\" data-custom-font-size=\"false\" ><h3 >Les cotisations de s\u00e9curit\u00e9 sociale \u00e0 Malte sont inf\u00e9rieures de moiti\u00e9 aux taux moyens et les plus basses d'Europe, ce qui rend le choix du pavillon maltais souhaitable tant pour les employeurs que pour les membres d'\u00e9quipage.<\/h3><\/div>\n\t\t\t<\/div> \n\t\t<\/div>\n\t<\/div> \n<\/div><\/div>","protected":false},"excerpt":{"rendered":"Services rentables d'emploi et de paie des \u00e9quipages \u00c0 PROPOS DE MMPS Limited En tant que propri\u00e9taire, op\u00e9rateur ou capitaine de navire, responsable des membres de l'\u00e9quipage, certaines questions se posent...","protected":false},"author":1,"featured_media":0,"parent":0,"menu_order":0,"comment_status":"closed","ping_status":"closed","template":"","meta":{"_editorskit_title_hidden":false,"_editorskit_reading_time":0,"_editorskit_is_block_options_detached":false,"_editorskit_block_options_position":"{}","footnotes":""},"aioseo_notices":[],"_links":{"self":[{"href":"https:\/\/www.mmps.com.mt\/fr\/wp-json\/wp\/v2\/pages\/5761"}],"collection":[{"href":"https:\/\/www.mmps.com.mt\/fr\/wp-json\/wp\/v2\/pages"}],"about":[{"href":"https:\/\/www.mmps.com.mt\/fr\/wp-json\/wp\/v2\/types\/page"}],"author":[{"embeddable":true,"href":"https:\/\/www.mmps.com.mt\/fr\/wp-json\/wp\/v2\/users\/1"}],"replies":[{"embeddable":true,"href":"https:\/\/www.mmps.com.mt\/fr\/wp-json\/wp\/v2\/comments?post=5761"}],"version-history":[{"count":283,"href":"https:\/\/www.mmps.com.mt\/fr\/wp-json\/wp\/v2\/pages\/5761\/revisions"}],"predecessor-version":[{"id":11951,"href":"https:\/\/www.mmps.com.mt\/fr\/wp-json\/wp\/v2\/pages\/5761\/revisions\/11951"}],"wp:attachment":[{"href":"https:\/\/www.mmps.com.mt\/fr\/wp-json\/wp\/v2\/media?parent=5761"}],"curies":[{"name":"wp","href":"https:\/\/api.w.org\/{rel}","templated":true}]}}