{"id":11891,"date":"2024-06-17T07:30:13","date_gmt":"2024-06-17T07:30:13","guid":{"rendered":"https:\/\/www.mmps.com.mt\/?page_id=11891"},"modified":"2024-06-18T12:08:38","modified_gmt":"2024-06-18T12:08:38","slug":"cedric-mifsud","status":"publish","type":"page","link":"https:\/\/www.mmps.com.mt\/fr\/notre-equipe\/cedric-mifsud\/","title":{"rendered":"Cedric Mifsud"},"content":{"rendered":"<div id=\"fws_69f2d44b41963\"  data-column-margin=\"default\" data-midnight=\"light\" data-top-percent=\"13%\" data-bottom-percent=\"13%\"  class=\"wpb_row vc_row-fluid vc_row full-width-section\"  style=\"padding-top: calc(100vw * 0.13); padding-bottom: calc(100vw * 0.13); \"><div class=\"row-bg-wrap\" data-bg-animation=\"none\" data-bg-overlay=\"true\"><div class=\"inner-wrap using-image\"><div class=\"row-bg using-image\"  style=\"background-image: url(https:\/\/www.mmps.com.mt\/wp-content\/uploads\/2023\/08\/mike-nahlii-58dW7cIAB1k-unsplash-scaled.jpg); background-position: center center; background-repeat: no-repeat; \"><\/div><\/div><div class=\"row-bg-overlay\" style=\"background: rgba(28,29,44,0.86); background: linear-gradient(90deg,rgba(28,29,44,0.86) 0%,rgba(45,58,74,0.6) 100%);  opacity: 0.3; \"><\/div><\/div><div class=\"nectar-shape-divider-wrap no-color\" style=\" height:35%;\" data-using-percent-val=\"true\" data-height=\"35%\" data-front=\"\" data-style=\"fan\" data-position=\"bottom\" ><svg class=\"nectar-shape-divider\" aria-hidden=\"true\" fill=\"\" xmlns=\"http:\/\/www.w3.org\/2000\/svg\" viewbox=\"0 0 1003.92 91\" preserveaspectratio=\"none\"> <polygon class=\"cls-1\" points=\"502.46 46.31 1 85.67 1 91.89 1002.91 91.89 1002.91 85.78 502.46 46.31\"\/><polygon class=\"cls-2\" points=\"502.46 45.8 1 0 1 91.38 1002.91 91.38 1002.91 0.1 502.46 45.8\"\/><rect class=\"cls-3\" y=\"45.81\" width=\"1003.92\" height=\"46.09\"\/>\r\n            <\/svg><\/div><div class=\"row_col_wrap_12 col span_12 light left\">\n\t<div style=\"\" class=\"vc_col-sm-12 wpb_column column_container vc_column_container col no-extra-padding bottom_margin_phone_8pct inherit_tablet inherit_phone\" data-using-bg=\"true\" data-padding-pos=\"all\" data-has-bg-color=\"false\" data-bg-color=\"\" data-bg-opacity=\"1\" data-animation=\"\" data-delay=\"0\" >\n\t\t<div class=\"vc_column-inner\" ><div class=\"column-image-bg-wrap\" data-bg-pos=\"center center\" data-bg-animation=\"none\" data-bg-overlay=\"false\"><div class=\"inner-wrap\"><div class=\"column-image-bg\" style=\"\"><\/div><\/div><\/div>\n\t\t\t<div class=\"wpb_wrapper\">\n\t\t\t\t\n\t\t\t<\/div> \n\t\t<\/div>\n\t<\/div> \n<\/div><\/div>\r\n\t\t<div id=\"fws_69f2d44b41def\"  data-column-margin=\"default\" data-midnight=\"dark\"  class=\"wpb_row vc_row-fluid vc_row\"  style=\"padding-top: 0px; padding-bottom: 0px; \"><div class=\"row-bg-wrap\" data-bg-animation=\"none\" data-bg-overlay=\"false\"><div class=\"inner-wrap\"><div class=\"row-bg\"  style=\"\"><\/div><\/div><\/div><div class=\"row_col_wrap_12 col span_12 dark left\">\n\t<div style=\"margin-top: 30px; \" class=\"vc_col-sm-12 TeamHfix wpb_column column_container vc_column_container col no-extra-padding inherit_tablet inherit_phone\"  data-padding-pos=\"all\" data-has-bg-color=\"false\" data-bg-color=\"\" data-bg-opacity=\"1\" data-animation=\"\" data-delay=\"0\" >\n\t\t<div class=\"vc_column-inner\" >\n\t\t\t<div class=\"wpb_wrapper\">\n\t\t\t\t\r\n<div class=\"wpb_text_column wpb_content_element\" >\r\n\t<div class=\"wpb_wrapper\">\r\n\t\t<h2>C\u00e9dric MIFSUD<\/h2>\n\t<\/div>\r\n<\/div>\r\n\r\n\r\n\r\n<div class=\"divider-wrap\" data-alignment=\"default\"><div style=\"margin-top: 12.5px; width: 60px; height: 3px; margin-bottom: 12.5px;\" data-width=\"60\" data-animate=\"yes\" data-animation-delay=\"\" data-color=\"extra-color-1\" class=\"divider-small-border\"><\/div><\/div>\r\n<div class=\"wpb_text_column wpb_content_element\" >\r\n\t<div class=\"wpb_wrapper\">\r\n\t\t<h4>Directeur<\/h4>\n\t<\/div>\r\n<\/div>\r\n\r\n\r\n\r\n\n\t\t\t<\/div> \n\t\t<\/div>\n\t<\/div> \n<\/div><\/div>\r\n\t\t<div id=\"fws_69f2d44b4213f\"  data-column-margin=\"default\" data-midnight=\"dark\"  class=\"wpb_row vc_row-fluid vc_row   reverse_columns_column_phone\"  style=\"padding-top: 0px; padding-bottom: 0px; \"><div class=\"row-bg-wrap\" data-bg-animation=\"none\" data-bg-overlay=\"false\"><div class=\"inner-wrap\"><div class=\"row-bg\"  style=\"\"><\/div><\/div><\/div><div class=\"row_col_wrap_12 col span_12 dark left\">\n\t<div  class=\"vc_col-sm-6 team_member_details wpb_column column_container vc_column_container col no-extra-padding inherit_tablet inherit_phone\"  data-padding-pos=\"all\" data-has-bg-color=\"false\" data-bg-color=\"\" data-bg-opacity=\"1\" data-animation=\"\" data-delay=\"0\" >\n\t\t<div class=\"vc_column-inner\" >\n\t\t\t<div class=\"wpb_wrapper\">\n\t\t\t\t\r\n<div class=\"wpb_text_column wpb_content_element\" >\r\n\t<div class=\"wpb_wrapper\">\r\n\t\t<div id=\"fws_64f0d9f39a208\" class=\"wpb_row vc_row-fluid vc_row\" data-column-margin=\"default\" data-midnight=\"dark\">\n<div class=\"row_col_wrap_12 col span_12 dark left\">\n<div class=\"vc_col-sm-12 wpb_column column_container vc_column_container col no-extra-padding inherit_tablet inherit_phone\" data-padding-pos=\"all\" data-has-bg-color=\"false\" data-bg-color=\"\" data-bg-opacity=\"1\" data-animation=\"\" data-delay=\"0\">\n<div class=\"vc_column-inner\">\n<div class=\"wpb_wrapper\">\n<div class=\"wpb_text_column wpb_content_element\">\n<div class=\"wpb_wrapper\">\n<div id=\"fws_64f0d9f39a208\" class=\"wpb_row vc_row-fluid vc_row\" data-column-margin=\"default\" data-midnight=\"dark\">\n<div class=\"row_col_wrap_12 col span_12 dark left\">\n<div class=\"vc_col-sm-12 wpb_column column_container vc_column_container col no-extra-padding inherit_tablet inherit_phone\" data-padding-pos=\"all\" data-has-bg-color=\"false\" data-bg-color=\"\" data-bg-opacity=\"1\" data-animation=\"\" data-delay=\"0\">\n<div class=\"vc_column-inner\">\n<div class=\"wpb_wrapper\">\n<div class=\"wpb_text_column wpb_content_element\">\n<div class=\"wpb_wrapper\">\n<p>C\u00e9dric Mifsud est un associ\u00e9 fondateur de Mifsud &amp; Mifsud Advocates, sp\u00e9cialis\u00e9 dans le droit commercial et le contentieux.<\/p>\n<p>Lors de la cr\u00e9ation du cabinet, C\u00e9dric s'est vu confier la mise en place d'un d\u00e9partement de droit commercial qui a rapidement d\u00e9velopp\u00e9 une client\u00e8le locale et \u00e9trang\u00e8re vari\u00e9e sollicitant son expertise dans de nombreuses transactions.<\/p>\n<p>En tant qu'avocat d'affaires depuis une vingtaine d'ann\u00e9es, C\u00e9dric a assist\u00e9 de nombreux clients dans diverses transactions, notamment des fusions et acquisitions, des contrats de propri\u00e9t\u00e9, des transferts de propri\u00e9t\u00e9 intellectuelle ainsi que des transactions maritimes et a\u00e9ronautiques. Soucieux du d\u00e9tail, C\u00e9dric s'impr\u00e8gne d'abord des subtilit\u00e9s de la transaction et identifie les principales complexit\u00e9s qui doivent \u00eatre prises en compte dans la transaction. Son objectif principal est de d\u00e9terminer les besoins commerciaux du client et de n\u00e9gocier au mieux de ses int\u00e9r\u00eats.<\/p>\n<p>C\u00e9dric est \u00e9galement un plaideur exp\u00e9riment\u00e9, sp\u00e9cialis\u00e9 dans le droit commercial, le droit administratif et les droits de l'homme. Tout au long de sa carri\u00e8re, il a assist\u00e9 avec succ\u00e8s un certain nombre de clients de premier plan dans des affaires juridiques controvers\u00e9es et complexes. Il a notamment assist\u00e9 des clients dans la premi\u00e8re affaire qui a abouti \u00e0 une r\u00e9vision totale du traitement par le pays de ses lois sur la location, repr\u00e9sent\u00e9 des navires de sauvetage saisis par l'\u00c9tat lors d'un blocus mis en place par le gouvernement pour tenter d'arr\u00eater les travers\u00e9es de migrants et est un avocat de premier plan dans les affaires d'\u00e9galit\u00e9, en particulier en ce qui concerne les droits des personnes lesbiennes, gays, bisexuelles et transsexuelles.<\/p>\n<p>En 2023, Cedric a \u00e9t\u00e9 \u00e9lu au conseil ex\u00e9cutif de la Chambre des avocats, l'entit\u00e9 qui repr\u00e9sente le corps des avocats agr\u00e9\u00e9s admis au barreau de Malte.<\/p>\n<p>Cedric est directeur d'Aegis Corporate Services Limited, une soci\u00e9t\u00e9 agr\u00e9\u00e9e par les services financiers de Malte et qui fournit tous les services requis en mati\u00e8re d'administration d'entreprise. Il est \u00e9galement directeur de MMPS Limited, une soci\u00e9t\u00e9 de gestion des salaires sp\u00e9cialis\u00e9e dans l'industrie maritime.<\/p>\n<\/div>\n<\/div>\n<\/div>\n<\/div>\n<\/div>\n<\/div>\n<\/div>\n<\/div>\n<\/div>\n<\/div>\n<\/div>\n<\/div>\n<\/div>\n<\/div>\n\t<\/div>\r\n<\/div>\r\n\r\n\r\n\r\n\r\n<div class=\"wpb_text_column wpb_content_element\" >\r\n\t<div class=\"wpb_wrapper\">\r\n\t\t<h3><strong>Affiliations professionnelles<\/strong><\/h3>\n<div>\n<ul>\n<li>Chambre des avocats<\/li>\n<li>Lien mondial pour le droit<\/li>\n<li>Association de droit maritime de Malte<\/li>\n<\/ul>\n<\/div>\n\t<\/div>\r\n<\/div>\r\n\r\n\r\n\r\n\r\n<div class=\"wpb_text_column wpb_content_element\" >\r\n\t<div class=\"wpb_wrapper\">\r\n\t\t<h3><strong>Domaines d'activit\u00e9 <\/strong>Sp\u00e9cialisations<\/h3>\n<div>\n<ul>\n<li>Commerce et entreprises<\/li>\n<li>Maritime et transport maritime<\/li>\n<li>Aviation et transports<\/li>\n<li>L'UE et la concurrence<\/li>\n<li>Banque et finance<\/li>\n<li>R\u00e9solution des litiges et contentieux<\/li>\n<\/ul>\n<\/div>\n\t<\/div>\r\n<\/div>\r\n\r\n\r\n\r\n\n\t\t\t<\/div> \n\t\t<\/div>\n\t<\/div> \n\n\t<div  class=\"vc_col-sm-6 wpb_column column_container vc_column_container col no-extra-padding inherit_tablet inherit_phone\"  data-padding-pos=\"all\" data-has-bg-color=\"false\" data-bg-color=\"\" data-bg-opacity=\"1\" data-animation=\"\" data-delay=\"0\" >\n\t\t<div class=\"vc_column-inner\" >\n\t\t\t<div class=\"wpb_wrapper\">\n\t\t\t\t<div class=\"team-member\" data-style=\"meta_below\"><img decoding=\"async\" alt=\"\" src=\"https:\/\/www.mmps.com.mt\/wp-content\/uploads\/2024\/06\/Cedric-3-scaled.jpg\" title=\"(+356) 27237172\" \/><h4 class=\"light\">(+356) 27237172<\/h4><div class=\"position\">cmifsud@mifsudadvocates.com.mt<\/div><p class=\"description\">Langues : Maltais, anglais, italien<\/p><\/div>\n\t\t\t<\/div> \n\t\t<\/div>\n\t<\/div> \n<\/div><\/div>\r\n\t\t<div id=\"fws_69f2d44b42a8f\"  data-column-margin=\"default\" data-midnight=\"dark\"  class=\"wpb_row vc_row-fluid vc_row full-width-section\"  style=\"padding-top: 20px; padding-bottom: 20px; \"><div class=\"row-bg-wrap\" data-bg-animation=\"none\" data-bg-overlay=\"false\"><div class=\"inner-wrap\"><div class=\"row-bg\"  style=\"\"><\/div><\/div><\/div><div class=\"row_col_wrap_12 col span_12 dark left\">\n\t<div  class=\"vc_col-sm-12 team_member_details wpb_column column_container vc_column_container col no-extra-padding inherit_tablet inherit_phone\"  data-padding-pos=\"all\" data-has-bg-color=\"false\" data-bg-color=\"\" data-bg-opacity=\"1\" data-animation=\"\" data-delay=\"0\" >\n\t\t<div class=\"vc_column-inner\" >\n\t\t\t<div class=\"wpb_wrapper\">\n\t\t\t\t\n\t\t\t<\/div> \n\t\t<\/div>\n\t<\/div> \n<\/div><\/div>","protected":false},"excerpt":{"rendered":"Cedric MIFSUD Director Cedric Mifsud is a founding Partner at Mifsud &amp; Mifsud Advocates, specializing in Commercial law and litigation. Upon the set up of...","protected":false},"author":1,"featured_media":0,"parent":7142,"menu_order":0,"comment_status":"closed","ping_status":"closed","template":"","meta":{"_editorskit_title_hidden":false,"_editorskit_reading_time":0,"_editorskit_is_block_options_detached":false,"_editorskit_block_options_position":"{}","footnotes":""},"aioseo_notices":[],"_links":{"self":[{"href":"https:\/\/www.mmps.com.mt\/fr\/wp-json\/wp\/v2\/pages\/11891"}],"collection":[{"href":"https:\/\/www.mmps.com.mt\/fr\/wp-json\/wp\/v2\/pages"}],"about":[{"href":"https:\/\/www.mmps.com.mt\/fr\/wp-json\/wp\/v2\/types\/page"}],"author":[{"embeddable":true,"href":"https:\/\/www.mmps.com.mt\/fr\/wp-json\/wp\/v2\/users\/1"}],"replies":[{"embeddable":true,"href":"https:\/\/www.mmps.com.mt\/fr\/wp-json\/wp\/v2\/comments?post=11891"}],"version-history":[{"count":2,"href":"https:\/\/www.mmps.com.mt\/fr\/wp-json\/wp\/v2\/pages\/11891\/revisions"}],"predecessor-version":[{"id":11902,"href":"https:\/\/www.mmps.com.mt\/fr\/wp-json\/wp\/v2\/pages\/11891\/revisions\/11902"}],"up":[{"embeddable":true,"href":"https:\/\/www.mmps.com.mt\/fr\/wp-json\/wp\/v2\/pages\/7142"}],"wp:attachment":[{"href":"https:\/\/www.mmps.com.mt\/fr\/wp-json\/wp\/v2\/media?parent=11891"}],"curies":[{"name":"wp","href":"https:\/\/api.w.org\/{rel}","templated":true}]}}