{"id":11637,"date":"2024-04-01T07:15:22","date_gmt":"2024-04-01T07:15:22","guid":{"rendered":"https:\/\/www.mmps.com.mt\/?page_id=11637"},"modified":"2024-04-10T12:10:57","modified_gmt":"2024-04-10T12:10:57","slug":"salaries","status":"publish","type":"page","link":"https:\/\/www.mmps.com.mt\/fr\/services-aux-equipages\/salaires\/","title":{"rendered":"Salaires"},"content":{"rendered":"<div id=\"fws_69ea5f5b53dd5\"  data-column-margin=\"default\" data-midnight=\"light\" data-top-percent=\"16%\" data-bottom-percent=\"8%\"  class=\"wpb_row vc_row-fluid vc_row full-width-section  HeadingTitleCSS\"  style=\"padding-top: calc(100vw * 0.16); padding-bottom: calc(100vw * 0.08); \"><div class=\"row-bg-wrap\" data-bg-animation=\"none\" data-bg-overlay=\"true\"><div class=\"inner-wrap using-image\"><div class=\"row-bg using-image\"  style=\"background-image: url(https:\/\/www.mmps.com.mt\/wp-content\/uploads\/2023\/02\/636129888070012046_Coinsandcopyspace000008496953Medium.jpg); background-position: center center; background-repeat: no-repeat; \"><\/div><\/div><div class=\"row-bg-overlay\" style=\"background: rgba(12,36,124,0.86); background: linear-gradient(90deg,rgba(12,36,124,0.86) 0%,rgba(4,29,104,0.6) 100%);  opacity: 0.5; \"><\/div><\/div><div class=\"nectar-shape-divider-wrap no-color\" style=\" height:25%;\" data-using-percent-val=\"true\" data-height=\"25%\" data-front=\"true\" data-style=\"fan\" data-position=\"bottom\" ><svg class=\"nectar-shape-divider\" aria-hidden=\"true\" fill=\"\" xmlns=\"http:\/\/www.w3.org\/2000\/svg\" viewbox=\"0 0 1003.92 91\" preserveaspectratio=\"none\"> <polygon class=\"cls-1\" points=\"502.46 46.31 1 85.67 1 91.89 1002.91 91.89 1002.91 85.78 502.46 46.31\"\/><polygon class=\"cls-2\" points=\"502.46 45.8 1 0 1 91.38 1002.91 91.38 1002.91 0.1 502.46 45.8\"\/><rect class=\"cls-3\" y=\"45.81\" width=\"1003.92\" height=\"46.09\"\/>\r\n            <\/svg><\/div><div class=\"row_col_wrap_12 col span_12 light left\">\n\t<div  class=\"vc_col-sm-12 wpb_column column_container vc_column_container col centered-text no-extra-padding bottom_margin_phone_8pct inherit_tablet inherit_phone\"  data-padding-pos=\"all\" data-has-bg-color=\"false\" data-bg-color=\"\" data-bg-opacity=\"1\" data-animation=\"\" data-delay=\"0\" >\n\t\t<div class=\"vc_column-inner\" >\n\t\t\t<div class=\"wpb_wrapper\">\n\t\t\t\t\r\n<div class=\"wpb_text_column wpb_content_element  vc_custom_1695127304761 HeadTitleCSS\" >\r\n\t<div class=\"wpb_wrapper\">\r\n\t\t<h2>NOS SERVICES<\/h2>\n\t<\/div>\r\n<\/div>\r\n\r\n\r\n\r\n\n\t\t\t<\/div> \n\t\t<\/div>\n\t<\/div> \n<\/div><\/div>\r\n\t\t<div id=\"about\"  data-column-margin=\"default\" data-midnight=\"dark\" data-top-percent=\"6%\" data-bottom-percent=\"6%\"  class=\"wpb_row vc_row-fluid vc_row  vc_row-o-equal-height vc_row-flex  vc_row-o-content-middle\"  style=\"padding-top: calc(100vw * 0.06); padding-bottom: calc(100vw * 0.06); \"><div class=\"row-bg-wrap\" data-bg-animation=\"none\" data-bg-overlay=\"false\"><div class=\"inner-wrap\"><div class=\"row-bg\"  style=\"\"><\/div><\/div><\/div><div class=\"row_col_wrap_12 col span_12 dark left\">\n\t<div  class=\"vc_col-sm-6 TopContentHeadCSS wpb_column column_container vc_column_container col padding-2-percent inherit_tablet inherit_phone\"  data-padding-pos=\"top-bottom\" data-has-bg-color=\"false\" data-bg-color=\"\" data-bg-opacity=\"1\" data-animation=\"\" data-delay=\"0\" >\n\t\t<div class=\"vc_column-inner\" >\n\t\t\t<div class=\"wpb_wrapper\">\n\t\t\t\t<div class=\"nectar-split-heading\" data-align=\"default\" data-m-align=\"inherit\" data-animation-type=\"line-reveal-by-space\" data-animation-delay=\"0\" data-m-rm-animation=\"\" data-stagger=\"\" data-custom-font-size=\"false\" ><h2 style=\"max-width: 450px; color: #ffffff;\">Salaires<\/h2><\/div><div id=\"fws_69ea5f5b543d8\" data-midnight=\"\" data-column-margin=\"default\" class=\"wpb_row vc_row-fluid vc_row inner_row   vc_custom_1693223925399\"  style=\"\"><div class=\"row-bg-wrap\"> <div class=\"row-bg\" ><\/div> <\/div><div class=\"row_col_wrap_12_inner col span_12  left\">\n\t<div style=\" color: #ffffff;\" class=\"vc_col-sm-12 InnerPageContent wpb_column column_container vc_column_container col child_column has-animation no-extra-padding inherit_tablet inherit_phone\" data-cfc=\"true\"  data-padding-pos=\"all\" data-has-bg-color=\"false\" data-bg-color=\"\" data-bg-opacity=\"1\" data-animation=\"fade-in-from-bottom\" data-delay=\"0\">\n\t\t<div class=\"vc_column-inner\" >\n\t\t<div class=\"wpb_wrapper\">\n\t\t\t\r\n<div class=\"wpb_text_column wpb_content_element\" style=\" max-width: 500px; display: inline-block;\">\r\n\t<div class=\"wpb_wrapper\">\r\n\t\t<p>Avec nous, vous b\u00e9n\u00e9ficiez d'un paiement des salaires rapide et efficace. Notre \u00e9quipe d\u00e9vou\u00e9e veille \u00e0 ce que les membres d'\u00e9quipage re\u00e7oivent leurs salaires rapidement et avec pr\u00e9cision, sans retard ni complication. Gr\u00e2ce \u00e0 des processus rationalis\u00e9s et \u00e0 notre engagement en faveur de l'excellence, nous donnons la priorit\u00e9 au bien-\u00eatre financier de nos membres d'\u00e9quipage, en leur apportant tranquillit\u00e9 d'esprit et fiabilit\u00e9. Faites-nous confiance pour g\u00e9rer vos paiements de salaires avec professionnalisme et efficacit\u00e9.<\/p>\n\t<\/div>\r\n<\/div>\r\n\r\n\r\n\r\n\n\t\t<\/div> \n\t<\/div>\n\t<\/div> \n<\/div><\/div><div id=\"fws_69ea5f5b54606\" data-midnight=\"\" data-column-margin=\"default\" class=\"wpb_row vc_row-fluid vc_row inner_row\"  style=\"\"><div class=\"row-bg-wrap\"> <div class=\"row-bg\" ><\/div> <\/div><div class=\"row_col_wrap_12_inner col span_12  left\">\n\t<div  class=\"vc_col-sm-6 wpb_column column_container vc_column_container col child_column has-animation no-extra-padding inherit_tablet inherit_phone\"   data-padding-pos=\"all\" data-has-bg-color=\"false\" data-bg-color=\"\" data-bg-opacity=\"1\" data-animation=\"fade-in-from-bottom\" data-delay=\"0\">\n\t\t<div class=\"vc_column-inner\" >\n\t\t<div class=\"wpb_wrapper\">\n\t\t\t<div class=\"divider-wrap\" data-alignment=\"default\"><div style=\"height: 10px;\" class=\"divider\"><\/div><\/div>\n\t\t<\/div> \n\t<\/div>\n\t<\/div> \n\n\t<div  class=\"vc_col-sm-6 wpb_column column_container vc_column_container col child_column no-extra-padding inherit_tablet inherit_phone\"   data-padding-pos=\"all\" data-has-bg-color=\"false\" data-bg-color=\"\" data-bg-opacity=\"1\" data-animation=\"\" data-delay=\"0\">\n\t\t<div class=\"vc_column-inner\" >\n\t\t<div class=\"wpb_wrapper\">\n\t\t\t\n\t\t<\/div> \n\t<\/div>\n\t<\/div> \n<\/div><\/div>\n\t\t\t<\/div> \n\t\t<\/div>\n\t<\/div> \n\n\t<div style=\"\" class=\"vc_col-sm-6 vc_hidden-xs wpb_column column_container vc_column_container col no-extra-padding inherit_tablet inherit_phone\" data-using-bg=\"true\" data-bg-cover=\"true\" data-padding-pos=\"all\" data-has-bg-color=\"false\" data-bg-color=\"\" data-bg-opacity=\"1\" data-animation=\"\" data-delay=\"0\" >\n\t\t<div class=\"vc_column-inner\" ><div class=\"column-image-bg-wrap\" data-bg-pos=\"left center\" data-bg-animation=\"zoom-out-reveal\" data-bg-overlay=\"false\"><div class=\"inner-wrap\"><div class=\"column-image-bg\" style=\" background-image: url('https:\/\/www.mmps.com.mt\/wp-content\/uploads\/2023\/01\/adeolu-eletu-E7RLgUjjazc-unsplash-1-scaled.jpg'); \"><\/div><\/div><\/div>\n\t\t\t<div class=\"wpb_wrapper\">\n\t\t\t\t<div class=\"divider-wrap\" data-alignment=\"default\"><div style=\"height: 300px;\" class=\"divider\"><\/div><\/div>\n\t\t\t<\/div> \n\t\t<\/div>\n\t<\/div> \n<\/div><\/div>","protected":false},"excerpt":{"rendered":"NOS SERVICES Salaires Faites l'exp\u00e9rience de la commodit\u00e9 d'un paiement rapide et efficace des salaires avec nous. Notre \u00e9quipe d\u00e9vou\u00e9e veille \u00e0 ce que les membres de l'\u00e9quipage re\u00e7oivent leurs salaires...","protected":false},"author":1,"featured_media":0,"parent":6861,"menu_order":0,"comment_status":"closed","ping_status":"closed","template":"","meta":{"_editorskit_title_hidden":false,"_editorskit_reading_time":0,"_editorskit_is_block_options_detached":false,"_editorskit_block_options_position":"{}","footnotes":""},"aioseo_notices":[],"_links":{"self":[{"href":"https:\/\/www.mmps.com.mt\/fr\/wp-json\/wp\/v2\/pages\/11637"}],"collection":[{"href":"https:\/\/www.mmps.com.mt\/fr\/wp-json\/wp\/v2\/pages"}],"about":[{"href":"https:\/\/www.mmps.com.mt\/fr\/wp-json\/wp\/v2\/types\/page"}],"author":[{"embeddable":true,"href":"https:\/\/www.mmps.com.mt\/fr\/wp-json\/wp\/v2\/users\/1"}],"replies":[{"embeddable":true,"href":"https:\/\/www.mmps.com.mt\/fr\/wp-json\/wp\/v2\/comments?post=11637"}],"version-history":[{"count":8,"href":"https:\/\/www.mmps.com.mt\/fr\/wp-json\/wp\/v2\/pages\/11637\/revisions"}],"predecessor-version":[{"id":11854,"href":"https:\/\/www.mmps.com.mt\/fr\/wp-json\/wp\/v2\/pages\/11637\/revisions\/11854"}],"up":[{"embeddable":true,"href":"https:\/\/www.mmps.com.mt\/fr\/wp-json\/wp\/v2\/pages\/6861"}],"wp:attachment":[{"href":"https:\/\/www.mmps.com.mt\/fr\/wp-json\/wp\/v2\/media?parent=11637"}],"curies":[{"name":"wp","href":"https:\/\/api.w.org\/{rel}","templated":true}]}}